{"id":74,"date":"2017-06-06T09:07:08","date_gmt":"2017-06-06T09:07:08","guid":{"rendered":"http:\/\/apps.webvois.com\/bowleru\/?page_id=74"},"modified":"2024-01-26T09:05:01","modified_gmt":"2024-01-26T07:05:01","slug":"pleskodalle","status":"publish","type":"page","link":"https:\/\/www.bowlero.lv\/wp\/?page_id=74","title":{"rendered":"Izbraukuma Ball\u012btes"},"content":{"rendered":"<h2 style=\"text-align: center;\">Izbraukuma Ball\u012btes<\/h2>\n<hr \/>\n<h4 style=\"text-align: center;\">Lab\u0101k\u0101s izbraukuma ball\u012btes b\u0113rniem! Pl\u0101no ball\u012bti b\u0113rniem pie sevis m\u0101j\u0101s, d\u0101rz\u0101, laukos vai pat me\u017e\u0101?<br \/>\nBowlero izklaides centrs pied\u0101v\u0101 da\u017e\u0101da veida izklaides programmas un rado\u0161us risin\u0101jumus visa vecuma b\u0113rniem.<\/h4>\n<hr \/>\n<p><a href=\"https:\/\/www.bowlero.lv\/wp\/wp-content\/uploads\/2024\/01\/Izbraukumi-min-1.png\"><img loading=\"lazy\" decoding=\"async\" class=\"wp-image-5815 size-medium aligncenter\" src=\"https:\/\/www.bowlero.lv\/wp\/wp-content\/uploads\/2024\/01\/Izbraukumi-min-1-300x300.png\" alt=\"\" width=\"300\" height=\"300\" srcset=\"https:\/\/www.bowlero.lv\/wp\/wp-content\/uploads\/2024\/01\/Izbraukumi-min-1-300x300.png 300w, https:\/\/www.bowlero.lv\/wp\/wp-content\/uploads\/2024\/01\/Izbraukumi-min-1-970x970.png 970w, https:\/\/www.bowlero.lv\/wp\/wp-content\/uploads\/2024\/01\/Izbraukumi-min-1-768x768.png 768w, https:\/\/www.bowlero.lv\/wp\/wp-content\/uploads\/2024\/01\/Izbraukumi-min-1-180x180.png 180w, https:\/\/www.bowlero.lv\/wp\/wp-content\/uploads\/2024\/01\/Izbraukumi-min-1.png 1080w\" sizes=\"(max-width: 300px) 100vw, 300px\" \/><\/a><\/p>\n","protected":false},"excerpt":{"rendered":"<p>Izbraukuma Ball\u012btes Lab\u0101k\u0101s izbraukuma ball\u012btes b\u0113rniem! Pl\u0101no ball\u012bti b\u0113rniem pie sevis m\u0101j\u0101s, d\u0101rz\u0101, laukos vai pat me\u017e\u0101? Bowlero izklaides centrs pied\u0101v\u0101 da\u017e\u0101da veida izklaides programmas un rado\u0161us risin\u0101jumus visa vecuma b\u0113rniem.<\/p>\n","protected":false},"author":1,"featured_media":0,"parent":0,"menu_order":0,"comment_status":"closed","ping_status":"closed","template":"","meta":{"footnotes":""},"class_list":["post-74","page","type-page","status-publish","hentry"],"yoast_head":"<!-- This site is optimized with the Yoast SEO plugin v23.1 - https:\/\/yoast.com\/wordpress\/plugins\/seo\/ -->\n<title>Izbraukuma Ball\u012btes - Bowlero<\/title>\n<meta name=\"robots\" content=\"index, follow, max-snippet:-1, max-image-preview:large, max-video-preview:-1\" \/>\n<link rel=\"canonical\" href=\"https:\/\/www.bowlero.lv\/wp\/?page_id=74\" \/>\n<meta property=\"og:locale\" content=\"en_US\" \/>\n<meta property=\"og:type\" content=\"article\" \/>\n<meta property=\"og:title\" content=\"Izbraukuma Ball\u012btes - Bowlero\" \/>\n<meta property=\"og:description\" content=\"Izbraukuma Ball\u012btes Lab\u0101k\u0101s izbraukuma ball\u012btes b\u0113rniem! Pl\u0101no ball\u012bti b\u0113rniem pie sevis m\u0101j\u0101s, d\u0101rz\u0101, laukos vai pat me\u017e\u0101? Bowlero izklaides centrs pied\u0101v\u0101 da\u017e\u0101da veida izklaides programmas un rado\u0161us risin\u0101jumus visa vecuma b\u0113rniem.\" \/>\n<meta property=\"og:url\" content=\"https:\/\/www.bowlero.lv\/wp\/?page_id=74\" \/>\n<meta property=\"og:site_name\" content=\"Bowlero\" \/>\n<meta property=\"article:modified_time\" content=\"2024-01-26T07:05:01+00:00\" \/>\n<meta property=\"og:image\" content=\"https:\/\/www.bowlero.lv\/wp\/wp-content\/uploads\/2024\/01\/Izbraukumi-min-1-300x300.png\" \/>\n<meta name=\"twitter:card\" content=\"summary_large_image\" \/>\n<script type=\"application\/ld+json\" class=\"yoast-schema-graph\">{\"@context\":\"https:\/\/schema.org\",\"@graph\":[{\"@type\":\"WebPage\",\"@id\":\"https:\/\/www.bowlero.lv\/wp\/?page_id=74\",\"url\":\"https:\/\/www.bowlero.lv\/wp\/?page_id=74\",\"name\":\"Izbraukuma Ball\u012btes - Bowlero\",\"isPartOf\":{\"@id\":\"https:\/\/www.bowlero.lv\/wp\/#website\"},\"primaryImageOfPage\":{\"@id\":\"https:\/\/www.bowlero.lv\/wp\/?page_id=74#primaryimage\"},\"image\":{\"@id\":\"https:\/\/www.bowlero.lv\/wp\/?page_id=74#primaryimage\"},\"thumbnailUrl\":\"https:\/\/www.bowlero.lv\/wp\/wp-content\/uploads\/2024\/01\/Izbraukumi-min-1-300x300.png\",\"datePublished\":\"2017-06-06T09:07:08+00:00\",\"dateModified\":\"2024-01-26T07:05:01+00:00\",\"breadcrumb\":{\"@id\":\"https:\/\/www.bowlero.lv\/wp\/?page_id=74#breadcrumb\"},\"inLanguage\":\"en-US\",\"potentialAction\":[{\"@type\":\"ReadAction\",\"target\":[\"https:\/\/www.bowlero.lv\/wp\/?page_id=74\"]}]},{\"@type\":\"ImageObject\",\"inLanguage\":\"en-US\",\"@id\":\"https:\/\/www.bowlero.lv\/wp\/?page_id=74#primaryimage\",\"url\":\"https:\/\/www.bowlero.lv\/wp\/wp-content\/uploads\/2024\/01\/Izbraukumi-min-1.png\",\"contentUrl\":\"https:\/\/www.bowlero.lv\/wp\/wp-content\/uploads\/2024\/01\/Izbraukumi-min-1.png\",\"width\":1080,\"height\":1080},{\"@type\":\"BreadcrumbList\",\"@id\":\"https:\/\/www.bowlero.lv\/wp\/?page_id=74#breadcrumb\",\"itemListElement\":[{\"@type\":\"ListItem\",\"position\":1,\"name\":\"Home\",\"item\":\"https:\/\/www.bowlero.lv\/\"},{\"@type\":\"ListItem\",\"position\":2,\"name\":\"Izbraukuma Ball\u012btes\"}]},{\"@type\":\"WebSite\",\"@id\":\"https:\/\/www.bowlero.lv\/wp\/#website\",\"url\":\"https:\/\/www.bowlero.lv\/wp\/\",\"name\":\"Bowlero\",\"description\":\"Atp\u016btas un izklaides centrs\",\"publisher\":{\"@id\":\"https:\/\/www.bowlero.lv\/wp\/#organization\"},\"alternateName\":\"Bowlero\",\"potentialAction\":[{\"@type\":\"SearchAction\",\"target\":{\"@type\":\"EntryPoint\",\"urlTemplate\":\"https:\/\/www.bowlero.lv\/wp\/?s={search_term_string}\"},\"query-input\":\"required name=search_term_string\"}],\"inLanguage\":\"en-US\"},{\"@type\":\"Organization\",\"@id\":\"https:\/\/www.bowlero.lv\/wp\/#organization\",\"name\":\"Bowlero\",\"url\":\"https:\/\/www.bowlero.lv\/wp\/\",\"logo\":{\"@type\":\"ImageObject\",\"inLanguage\":\"en-US\",\"@id\":\"https:\/\/www.bowlero.lv\/wp\/#\/schema\/logo\/image\/\",\"url\":\"https:\/\/www.bowlero.lv\/wp\/wp-content\/uploads\/2021\/10\/Bowlero-Logo-new1.jpg\",\"contentUrl\":\"https:\/\/www.bowlero.lv\/wp\/wp-content\/uploads\/2021\/10\/Bowlero-Logo-new1.jpg\",\"width\":886,\"height\":518,\"caption\":\"Bowlero\"},\"image\":{\"@id\":\"https:\/\/www.bowlero.lv\/wp\/#\/schema\/logo\/image\/\"}}]}<\/script>\n<!-- \/ Yoast SEO plugin. -->","yoast_head_json":{"title":"Izbraukuma Ball\u012btes - Bowlero","robots":{"index":"index","follow":"follow","max-snippet":"max-snippet:-1","max-image-preview":"max-image-preview:large","max-video-preview":"max-video-preview:-1"},"canonical":"https:\/\/www.bowlero.lv\/wp\/?page_id=74","og_locale":"en_US","og_type":"article","og_title":"Izbraukuma Ball\u012btes - Bowlero","og_description":"Izbraukuma Ball\u012btes Lab\u0101k\u0101s izbraukuma ball\u012btes b\u0113rniem! Pl\u0101no ball\u012bti b\u0113rniem pie sevis m\u0101j\u0101s, d\u0101rz\u0101, laukos vai pat me\u017e\u0101? Bowlero izklaides centrs pied\u0101v\u0101 da\u017e\u0101da veida izklaides programmas un rado\u0161us risin\u0101jumus visa vecuma b\u0113rniem.","og_url":"https:\/\/www.bowlero.lv\/wp\/?page_id=74","og_site_name":"Bowlero","article_modified_time":"2024-01-26T07:05:01+00:00","og_image":[{"url":"https:\/\/www.bowlero.lv\/wp\/wp-content\/uploads\/2024\/01\/Izbraukumi-min-1-300x300.png"}],"twitter_card":"summary_large_image","schema":{"@context":"https:\/\/schema.org","@graph":[{"@type":"WebPage","@id":"https:\/\/www.bowlero.lv\/wp\/?page_id=74","url":"https:\/\/www.bowlero.lv\/wp\/?page_id=74","name":"Izbraukuma Ball\u012btes - Bowlero","isPartOf":{"@id":"https:\/\/www.bowlero.lv\/wp\/#website"},"primaryImageOfPage":{"@id":"https:\/\/www.bowlero.lv\/wp\/?page_id=74#primaryimage"},"image":{"@id":"https:\/\/www.bowlero.lv\/wp\/?page_id=74#primaryimage"},"thumbnailUrl":"https:\/\/www.bowlero.lv\/wp\/wp-content\/uploads\/2024\/01\/Izbraukumi-min-1-300x300.png","datePublished":"2017-06-06T09:07:08+00:00","dateModified":"2024-01-26T07:05:01+00:00","breadcrumb":{"@id":"https:\/\/www.bowlero.lv\/wp\/?page_id=74#breadcrumb"},"inLanguage":"en-US","potentialAction":[{"@type":"ReadAction","target":["https:\/\/www.bowlero.lv\/wp\/?page_id=74"]}]},{"@type":"ImageObject","inLanguage":"en-US","@id":"https:\/\/www.bowlero.lv\/wp\/?page_id=74#primaryimage","url":"https:\/\/www.bowlero.lv\/wp\/wp-content\/uploads\/2024\/01\/Izbraukumi-min-1.png","contentUrl":"https:\/\/www.bowlero.lv\/wp\/wp-content\/uploads\/2024\/01\/Izbraukumi-min-1.png","width":1080,"height":1080},{"@type":"BreadcrumbList","@id":"https:\/\/www.bowlero.lv\/wp\/?page_id=74#breadcrumb","itemListElement":[{"@type":"ListItem","position":1,"name":"Home","item":"https:\/\/www.bowlero.lv\/"},{"@type":"ListItem","position":2,"name":"Izbraukuma Ball\u012btes"}]},{"@type":"WebSite","@id":"https:\/\/www.bowlero.lv\/wp\/#website","url":"https:\/\/www.bowlero.lv\/wp\/","name":"Bowlero","description":"Atp\u016btas un izklaides centrs","publisher":{"@id":"https:\/\/www.bowlero.lv\/wp\/#organization"},"alternateName":"Bowlero","potentialAction":[{"@type":"SearchAction","target":{"@type":"EntryPoint","urlTemplate":"https:\/\/www.bowlero.lv\/wp\/?s={search_term_string}"},"query-input":"required name=search_term_string"}],"inLanguage":"en-US"},{"@type":"Organization","@id":"https:\/\/www.bowlero.lv\/wp\/#organization","name":"Bowlero","url":"https:\/\/www.bowlero.lv\/wp\/","logo":{"@type":"ImageObject","inLanguage":"en-US","@id":"https:\/\/www.bowlero.lv\/wp\/#\/schema\/logo\/image\/","url":"https:\/\/www.bowlero.lv\/wp\/wp-content\/uploads\/2021\/10\/Bowlero-Logo-new1.jpg","contentUrl":"https:\/\/www.bowlero.lv\/wp\/wp-content\/uploads\/2021\/10\/Bowlero-Logo-new1.jpg","width":886,"height":518,"caption":"Bowlero"},"image":{"@id":"https:\/\/www.bowlero.lv\/wp\/#\/schema\/logo\/image\/"}}]}},"_links":{"self":[{"href":"https:\/\/www.bowlero.lv\/wp\/index.php?rest_route=\/wp\/v2\/pages\/74"}],"collection":[{"href":"https:\/\/www.bowlero.lv\/wp\/index.php?rest_route=\/wp\/v2\/pages"}],"about":[{"href":"https:\/\/www.bowlero.lv\/wp\/index.php?rest_route=\/wp\/v2\/types\/page"}],"author":[{"embeddable":true,"href":"https:\/\/www.bowlero.lv\/wp\/index.php?rest_route=\/wp\/v2\/users\/1"}],"replies":[{"embeddable":true,"href":"https:\/\/www.bowlero.lv\/wp\/index.php?rest_route=%2Fwp%2Fv2%2Fcomments&post=74"}],"version-history":[{"count":28,"href":"https:\/\/www.bowlero.lv\/wp\/index.php?rest_route=\/wp\/v2\/pages\/74\/revisions"}],"predecessor-version":[{"id":5817,"href":"https:\/\/www.bowlero.lv\/wp\/index.php?rest_route=\/wp\/v2\/pages\/74\/revisions\/5817"}],"wp:attachment":[{"href":"https:\/\/www.bowlero.lv\/wp\/index.php?rest_route=%2Fwp%2Fv2%2Fmedia&parent=74"}],"curies":[{"name":"wp","href":"https:\/\/api.w.org\/{rel}","templated":true}]}}