{"id":53,"date":"2017-06-06T08:48:24","date_gmt":"2017-06-06T08:48:24","guid":{"rendered":"http:\/\/apps.webvois.com\/bowleru\/?page_id=53"},"modified":"2019-04-16T05:56:10","modified_gmt":"2019-04-16T05:56:10","slug":"korporativie-pasakumi","status":"publish","type":"page","link":"https:\/\/www.bowlero.lv\/wp\/?page_id=53","title":{"rendered":"Korporat\u012bvie pas\u0101kumi"},"content":{"rendered":"<h1>KORPORAT\u012aVIE PAS\u0100KUMI<\/h1>\n<div class=\"images-row\"><a href=\"https:\/\/www.bowlero.lv\/wp-content\/uploads\/2017\/06\/komplekti-04.jpg\"><img loading=\"lazy\" decoding=\"async\" class=\"alignnone wp-image-58 size-full\" src=\"https:\/\/www.bowlero.lv\/wp-content\/uploads\/2017\/06\/saliede.jpg\" alt=\"\" width=\"304\" height=\"305\" srcset=\"https:\/\/www.bowlero.lv\/wp\/wp-content\/uploads\/2017\/06\/saliede.jpg 304w, https:\/\/www.bowlero.lv\/wp\/wp-content\/uploads\/2017\/06\/saliede-299x300.jpg 299w\" sizes=\"(max-width: 304px) 100vw, 304px\" \/><\/a><a href=\"https:\/\/www.bowlero.lv\/wp-content\/uploads\/2017\/06\/komplekti-05.jpg\"><img loading=\"lazy\" decoding=\"async\" class=\"alignnone wp-image-56 size-full\" src=\"https:\/\/www.bowlero.lv\/wp-content\/uploads\/2017\/06\/macies.jpg\" alt=\"\" width=\"305\" height=\"307\" srcset=\"https:\/\/www.bowlero.lv\/wp\/wp-content\/uploads\/2017\/06\/macies.jpg 305w, https:\/\/www.bowlero.lv\/wp\/wp-content\/uploads\/2017\/06\/macies-298x300.jpg 298w\" sizes=\"(max-width: 305px) 100vw, 305px\" \/><\/a><a href=\"https:\/\/www.bowlero.lv\/wp\/?page_id=61\"><img loading=\"lazy\" decoding=\"async\" class=\"alignnone wp-image-54 size-full\" src=\"https:\/\/www.bowlero.lv\/wp-content\/uploads\/2017\/06\/kofernecku.jpg\" alt=\"\" width=\"303\" height=\"303\" srcset=\"https:\/\/www.bowlero.lv\/wp\/wp-content\/uploads\/2017\/06\/kofernecku.jpg 303w, https:\/\/www.bowlero.lv\/wp\/wp-content\/uploads\/2017\/06\/kofernecku-300x300.jpg 300w\" sizes=\"(max-width: 303px) 100vw, 303px\" \/><\/a><img loading=\"lazy\" decoding=\"async\" class=\"alignnone size-full wp-image-59\" src=\"https:\/\/www.bowlero.lv\/wp-content\/uploads\/2017\/06\/zvani.jpg\" alt=\"\" width=\"306\" height=\"307\" srcset=\"https:\/\/www.bowlero.lv\/wp\/wp-content\/uploads\/2017\/06\/zvani.jpg 306w, https:\/\/www.bowlero.lv\/wp\/wp-content\/uploads\/2017\/06\/zvani-299x300.jpg 299w\" sizes=\"(max-width: 306px) 100vw, 306px\" \/><\/div>\n","protected":false},"excerpt":{"rendered":"<p>KORPORAT\u012aVIE PAS\u0100KUMI<\/p>\n","protected":false},"author":1,"featured_media":0,"parent":0,"menu_order":0,"comment_status":"closed","ping_status":"closed","template":"","meta":{"footnotes":""},"class_list":["post-53","page","type-page","status-publish","hentry"],"yoast_head":"<!-- This site is optimized with the Yoast SEO plugin v23.1 - https:\/\/yoast.com\/wordpress\/plugins\/seo\/ -->\n<title>Korporat\u012bvie pas\u0101kumi - Bowlero<\/title>\n<meta name=\"robots\" content=\"index, follow, max-snippet:-1, max-image-preview:large, max-video-preview:-1\" \/>\n<link rel=\"canonical\" href=\"https:\/\/www.bowlero.lv\/wp\/?page_id=53\" \/>\n<meta property=\"og:locale\" content=\"en_US\" \/>\n<meta property=\"og:type\" content=\"article\" \/>\n<meta property=\"og:title\" content=\"Korporat\u012bvie pas\u0101kumi - Bowlero\" \/>\n<meta property=\"og:description\" content=\"KORPORAT\u012aVIE PAS\u0100KUMI\" \/>\n<meta property=\"og:url\" content=\"https:\/\/www.bowlero.lv\/wp\/?page_id=53\" \/>\n<meta property=\"og:site_name\" content=\"Bowlero\" \/>\n<meta property=\"article:modified_time\" content=\"2019-04-16T05:56:10+00:00\" \/>\n<meta property=\"og:image\" content=\"https:\/\/www.bowlero.lv\/wp-content\/uploads\/2017\/06\/saliede.jpg\" \/>\n<meta name=\"twitter:card\" content=\"summary_large_image\" \/>\n<script type=\"application\/ld+json\" class=\"yoast-schema-graph\">{\"@context\":\"https:\/\/schema.org\",\"@graph\":[{\"@type\":\"WebPage\",\"@id\":\"https:\/\/www.bowlero.lv\/wp\/?page_id=53\",\"url\":\"https:\/\/www.bowlero.lv\/wp\/?page_id=53\",\"name\":\"Korporat\u012bvie pas\u0101kumi - Bowlero\",\"isPartOf\":{\"@id\":\"https:\/\/www.bowlero.lv\/wp\/#website\"},\"primaryImageOfPage\":{\"@id\":\"https:\/\/www.bowlero.lv\/wp\/?page_id=53#primaryimage\"},\"image\":{\"@id\":\"https:\/\/www.bowlero.lv\/wp\/?page_id=53#primaryimage\"},\"thumbnailUrl\":\"https:\/\/www.bowlero.lv\/wp-content\/uploads\/2017\/06\/saliede.jpg\",\"datePublished\":\"2017-06-06T08:48:24+00:00\",\"dateModified\":\"2019-04-16T05:56:10+00:00\",\"breadcrumb\":{\"@id\":\"https:\/\/www.bowlero.lv\/wp\/?page_id=53#breadcrumb\"},\"inLanguage\":\"en-US\",\"potentialAction\":[{\"@type\":\"ReadAction\",\"target\":[\"https:\/\/www.bowlero.lv\/wp\/?page_id=53\"]}]},{\"@type\":\"ImageObject\",\"inLanguage\":\"en-US\",\"@id\":\"https:\/\/www.bowlero.lv\/wp\/?page_id=53#primaryimage\",\"url\":\"https:\/\/www.bowlero.lv\/wp-content\/uploads\/2017\/06\/saliede.jpg\",\"contentUrl\":\"https:\/\/www.bowlero.lv\/wp-content\/uploads\/2017\/06\/saliede.jpg\"},{\"@type\":\"BreadcrumbList\",\"@id\":\"https:\/\/www.bowlero.lv\/wp\/?page_id=53#breadcrumb\",\"itemListElement\":[{\"@type\":\"ListItem\",\"position\":1,\"name\":\"Home\",\"item\":\"https:\/\/www.bowlero.lv\/\"},{\"@type\":\"ListItem\",\"position\":2,\"name\":\"Korporat\u012bvie pas\u0101kumi\"}]},{\"@type\":\"WebSite\",\"@id\":\"https:\/\/www.bowlero.lv\/wp\/#website\",\"url\":\"https:\/\/www.bowlero.lv\/wp\/\",\"name\":\"Bowlero\",\"description\":\"Atp\u016btas un izklaides centrs\",\"publisher\":{\"@id\":\"https:\/\/www.bowlero.lv\/wp\/#organization\"},\"alternateName\":\"Bowlero\",\"potentialAction\":[{\"@type\":\"SearchAction\",\"target\":{\"@type\":\"EntryPoint\",\"urlTemplate\":\"https:\/\/www.bowlero.lv\/wp\/?s={search_term_string}\"},\"query-input\":\"required name=search_term_string\"}],\"inLanguage\":\"en-US\"},{\"@type\":\"Organization\",\"@id\":\"https:\/\/www.bowlero.lv\/wp\/#organization\",\"name\":\"Bowlero\",\"url\":\"https:\/\/www.bowlero.lv\/wp\/\",\"logo\":{\"@type\":\"ImageObject\",\"inLanguage\":\"en-US\",\"@id\":\"https:\/\/www.bowlero.lv\/wp\/#\/schema\/logo\/image\/\",\"url\":\"https:\/\/www.bowlero.lv\/wp\/wp-content\/uploads\/2021\/10\/Bowlero-Logo-new1.jpg\",\"contentUrl\":\"https:\/\/www.bowlero.lv\/wp\/wp-content\/uploads\/2021\/10\/Bowlero-Logo-new1.jpg\",\"width\":886,\"height\":518,\"caption\":\"Bowlero\"},\"image\":{\"@id\":\"https:\/\/www.bowlero.lv\/wp\/#\/schema\/logo\/image\/\"}}]}<\/script>\n<!-- \/ Yoast SEO plugin. -->","yoast_head_json":{"title":"Korporat\u012bvie pas\u0101kumi - Bowlero","robots":{"index":"index","follow":"follow","max-snippet":"max-snippet:-1","max-image-preview":"max-image-preview:large","max-video-preview":"max-video-preview:-1"},"canonical":"https:\/\/www.bowlero.lv\/wp\/?page_id=53","og_locale":"en_US","og_type":"article","og_title":"Korporat\u012bvie pas\u0101kumi - Bowlero","og_description":"KORPORAT\u012aVIE PAS\u0100KUMI","og_url":"https:\/\/www.bowlero.lv\/wp\/?page_id=53","og_site_name":"Bowlero","article_modified_time":"2019-04-16T05:56:10+00:00","og_image":[{"url":"https:\/\/www.bowlero.lv\/wp-content\/uploads\/2017\/06\/saliede.jpg"}],"twitter_card":"summary_large_image","schema":{"@context":"https:\/\/schema.org","@graph":[{"@type":"WebPage","@id":"https:\/\/www.bowlero.lv\/wp\/?page_id=53","url":"https:\/\/www.bowlero.lv\/wp\/?page_id=53","name":"Korporat\u012bvie pas\u0101kumi - Bowlero","isPartOf":{"@id":"https:\/\/www.bowlero.lv\/wp\/#website"},"primaryImageOfPage":{"@id":"https:\/\/www.bowlero.lv\/wp\/?page_id=53#primaryimage"},"image":{"@id":"https:\/\/www.bowlero.lv\/wp\/?page_id=53#primaryimage"},"thumbnailUrl":"https:\/\/www.bowlero.lv\/wp-content\/uploads\/2017\/06\/saliede.jpg","datePublished":"2017-06-06T08:48:24+00:00","dateModified":"2019-04-16T05:56:10+00:00","breadcrumb":{"@id":"https:\/\/www.bowlero.lv\/wp\/?page_id=53#breadcrumb"},"inLanguage":"en-US","potentialAction":[{"@type":"ReadAction","target":["https:\/\/www.bowlero.lv\/wp\/?page_id=53"]}]},{"@type":"ImageObject","inLanguage":"en-US","@id":"https:\/\/www.bowlero.lv\/wp\/?page_id=53#primaryimage","url":"https:\/\/www.bowlero.lv\/wp-content\/uploads\/2017\/06\/saliede.jpg","contentUrl":"https:\/\/www.bowlero.lv\/wp-content\/uploads\/2017\/06\/saliede.jpg"},{"@type":"BreadcrumbList","@id":"https:\/\/www.bowlero.lv\/wp\/?page_id=53#breadcrumb","itemListElement":[{"@type":"ListItem","position":1,"name":"Home","item":"https:\/\/www.bowlero.lv\/"},{"@type":"ListItem","position":2,"name":"Korporat\u012bvie pas\u0101kumi"}]},{"@type":"WebSite","@id":"https:\/\/www.bowlero.lv\/wp\/#website","url":"https:\/\/www.bowlero.lv\/wp\/","name":"Bowlero","description":"Atp\u016btas un izklaides centrs","publisher":{"@id":"https:\/\/www.bowlero.lv\/wp\/#organization"},"alternateName":"Bowlero","potentialAction":[{"@type":"SearchAction","target":{"@type":"EntryPoint","urlTemplate":"https:\/\/www.bowlero.lv\/wp\/?s={search_term_string}"},"query-input":"required name=search_term_string"}],"inLanguage":"en-US"},{"@type":"Organization","@id":"https:\/\/www.bowlero.lv\/wp\/#organization","name":"Bowlero","url":"https:\/\/www.bowlero.lv\/wp\/","logo":{"@type":"ImageObject","inLanguage":"en-US","@id":"https:\/\/www.bowlero.lv\/wp\/#\/schema\/logo\/image\/","url":"https:\/\/www.bowlero.lv\/wp\/wp-content\/uploads\/2021\/10\/Bowlero-Logo-new1.jpg","contentUrl":"https:\/\/www.bowlero.lv\/wp\/wp-content\/uploads\/2021\/10\/Bowlero-Logo-new1.jpg","width":886,"height":518,"caption":"Bowlero"},"image":{"@id":"https:\/\/www.bowlero.lv\/wp\/#\/schema\/logo\/image\/"}}]}},"_links":{"self":[{"href":"https:\/\/www.bowlero.lv\/wp\/index.php?rest_route=\/wp\/v2\/pages\/53"}],"collection":[{"href":"https:\/\/www.bowlero.lv\/wp\/index.php?rest_route=\/wp\/v2\/pages"}],"about":[{"href":"https:\/\/www.bowlero.lv\/wp\/index.php?rest_route=\/wp\/v2\/types\/page"}],"author":[{"embeddable":true,"href":"https:\/\/www.bowlero.lv\/wp\/index.php?rest_route=\/wp\/v2\/users\/1"}],"replies":[{"embeddable":true,"href":"https:\/\/www.bowlero.lv\/wp\/index.php?rest_route=%2Fwp%2Fv2%2Fcomments&post=53"}],"version-history":[{"count":9,"href":"https:\/\/www.bowlero.lv\/wp\/index.php?rest_route=\/wp\/v2\/pages\/53\/revisions"}],"predecessor-version":[{"id":2194,"href":"https:\/\/www.bowlero.lv\/wp\/index.php?rest_route=\/wp\/v2\/pages\/53\/revisions\/2194"}],"wp:attachment":[{"href":"https:\/\/www.bowlero.lv\/wp\/index.php?rest_route=%2Fwp%2Fv2%2Fmedia&parent=53"}],"curies":[{"name":"wp","href":"https:\/\/api.w.org\/{rel}","templated":true}]}}