{"id":42,"date":"2017-06-06T08:23:54","date_gmt":"2017-06-06T08:23:54","guid":{"rendered":"http:\/\/apps.webvois.com\/bowleru\/?page_id=42"},"modified":"2020-05-28T07:42:01","modified_gmt":"2020-05-28T07:42:01","slug":"izbraukuma-bernu-ballites","status":"publish","type":"page","link":"https:\/\/www.bowlero.lv\/wp\/?page_id=42","title":{"rendered":"Izbraukuma b\u0113rnu ball\u012btes"},"content":{"rendered":"<div class=\"headings\">\n<h1 style=\"text-align: center;\">IZBRAUKUMA B\u0112RNU BALL\u012aTES<\/h1>\n<hr \/>\n<p style=\"text-align: center;\">Lab\u0101k\u0101s izbraukuma ball\u012btes b\u0113rniem! Pl\u0101no ball\u012bti b\u0113rniem pie sevis m\u0101j\u0101s, d\u0101rz\u0101, laukos vai pat me\u017e\u0101?<br \/>\nBowlero izklaides centrs pied\u0101v\u0101 da\u017e\u0101da veida izklaides programmas un rado\u0161us risin\u0101jumus visa vecuma b\u0113rniem.<\/p>\n<\/div>\n<hr \/>\n<div class=\"images-row\">\u00a0 <a href=\"https:\/\/www.bowlero.lv\/wp\/wp-content\/uploads\/2020\/05\/FINAL-M\u0101jaslapa-1_LV_compressed.pdf\"><img loading=\"lazy\" decoding=\"async\" class=\"alignnone wp-image-3681 size-medium\" src=\"https:\/\/www.bowlero.lv\/wp\/wp-content\/uploads\/2020\/05\/Izbraukuma-ball\u012btes_m\u0101jaslapa_LV-300x300.png\" alt=\"\" width=\"300\" height=\"300\" srcset=\"https:\/\/www.bowlero.lv\/wp\/wp-content\/uploads\/2020\/05\/Izbraukuma-ball\u012btes_m\u0101jaslapa_LV-300x300.png 300w, https:\/\/www.bowlero.lv\/wp\/wp-content\/uploads\/2020\/05\/Izbraukuma-ball\u012btes_m\u0101jaslapa_LV-768x768.png 768w, https:\/\/www.bowlero.lv\/wp\/wp-content\/uploads\/2020\/05\/Izbraukuma-ball\u012btes_m\u0101jaslapa_LV-970x970.png 970w, https:\/\/www.bowlero.lv\/wp\/wp-content\/uploads\/2020\/05\/Izbraukuma-ball\u012btes_m\u0101jaslapa_LV-180x180.png 180w, https:\/\/www.bowlero.lv\/wp\/wp-content\/uploads\/2020\/05\/Izbraukuma-ball\u012btes_m\u0101jaslapa_LV.png 1080w\" sizes=\"(max-width: 300px) 100vw, 300px\" \/><\/a><a href=\"https:\/\/www.bowlero.lv\/wp\/wp-content\/uploads\/2020\/05\/M\u0101jas-lapa-2_konstruktors-_LV.pdf\"><img loading=\"lazy\" decoding=\"async\" class=\"alignnone wp-image-3682 size-medium\" src=\"https:\/\/www.bowlero.lv\/wp\/wp-content\/uploads\/2020\/05\/Veido-savu-izbraukuma-ball\u012bti-pats-_m\u0101jaslapa_LV-300x300.png\" alt=\"\" width=\"300\" height=\"300\" srcset=\"https:\/\/www.bowlero.lv\/wp\/wp-content\/uploads\/2020\/05\/Veido-savu-izbraukuma-ball\u012bti-pats-_m\u0101jaslapa_LV-300x300.png 300w, https:\/\/www.bowlero.lv\/wp\/wp-content\/uploads\/2020\/05\/Veido-savu-izbraukuma-ball\u012bti-pats-_m\u0101jaslapa_LV-768x768.png 768w, https:\/\/www.bowlero.lv\/wp\/wp-content\/uploads\/2020\/05\/Veido-savu-izbraukuma-ball\u012bti-pats-_m\u0101jaslapa_LV-970x970.png 970w, https:\/\/www.bowlero.lv\/wp\/wp-content\/uploads\/2020\/05\/Veido-savu-izbraukuma-ball\u012bti-pats-_m\u0101jaslapa_LV-180x180.png 180w, https:\/\/www.bowlero.lv\/wp\/wp-content\/uploads\/2020\/05\/Veido-savu-izbraukuma-ball\u012bti-pats-_m\u0101jaslapa_LV.png 1080w\" sizes=\"(max-width: 300px) 100vw, 300px\" \/><\/a><a href=\"https:\/\/www.bowlero.lv\/wp\/wp-content\/uploads\/2020\/05\/Ce\u013ca-izdevumi_m\u0101jaslapa_LV.png\"><img loading=\"lazy\" decoding=\"async\" class=\"alignnone wp-image-3680 size-medium\" src=\"https:\/\/www.bowlero.lv\/wp\/wp-content\/uploads\/2020\/05\/Ce\u013ca-izdevumi_m\u0101jaslapa_LV-300x300.png\" alt=\"\" width=\"300\" height=\"300\" srcset=\"https:\/\/www.bowlero.lv\/wp\/wp-content\/uploads\/2020\/05\/Ce\u013ca-izdevumi_m\u0101jaslapa_LV-300x300.png 300w, https:\/\/www.bowlero.lv\/wp\/wp-content\/uploads\/2020\/05\/Ce\u013ca-izdevumi_m\u0101jaslapa_LV-768x768.png 768w, https:\/\/www.bowlero.lv\/wp\/wp-content\/uploads\/2020\/05\/Ce\u013ca-izdevumi_m\u0101jaslapa_LV-970x970.png 970w, https:\/\/www.bowlero.lv\/wp\/wp-content\/uploads\/2020\/05\/Ce\u013ca-izdevumi_m\u0101jaslapa_LV-180x180.png 180w, https:\/\/www.bowlero.lv\/wp\/wp-content\/uploads\/2020\/05\/Ce\u013ca-izdevumi_m\u0101jaslapa_LV.png 1080w\" sizes=\"(max-width: 300px) 100vw, 300px\" \/><\/a><\/div>\n","protected":false},"excerpt":{"rendered":"<p>IZBRAUKUMA B\u0112RNU BALL\u012aTES Lab\u0101k\u0101s izbraukuma ball\u012btes b\u0113rniem! Pl\u0101no ball\u012bti b\u0113rniem pie sevis m\u0101j\u0101s, d\u0101rz\u0101, laukos vai pat me\u017e\u0101? Bowlero izklaides centrs pied\u0101v\u0101 da\u017e\u0101da veida izklaides programmas un rado\u0161us risin\u0101jumus visa vecuma b\u0113rniem. \u00a0<\/p>\n","protected":false},"author":1,"featured_media":0,"parent":0,"menu_order":0,"comment_status":"closed","ping_status":"closed","template":"","meta":{"footnotes":""},"class_list":["post-42","page","type-page","status-publish","hentry"],"yoast_head":"<!-- This site is optimized with the Yoast SEO plugin v23.1 - https:\/\/yoast.com\/wordpress\/plugins\/seo\/ -->\n<title>Izbraukuma b\u0113rnu ball\u012btes - Bowlero<\/title>\n<meta name=\"robots\" content=\"index, follow, max-snippet:-1, max-image-preview:large, max-video-preview:-1\" \/>\n<link rel=\"canonical\" href=\"https:\/\/www.bowlero.lv\/wp\/?page_id=42\" \/>\n<meta property=\"og:locale\" content=\"en_US\" \/>\n<meta property=\"og:type\" content=\"article\" \/>\n<meta property=\"og:title\" content=\"Izbraukuma b\u0113rnu ball\u012btes - Bowlero\" \/>\n<meta property=\"og:description\" content=\"IZBRAUKUMA B\u0112RNU BALL\u012aTES Lab\u0101k\u0101s izbraukuma ball\u012btes b\u0113rniem! Pl\u0101no ball\u012bti b\u0113rniem pie sevis m\u0101j\u0101s, d\u0101rz\u0101, laukos vai pat me\u017e\u0101? Bowlero izklaides centrs pied\u0101v\u0101 da\u017e\u0101da veida izklaides programmas un rado\u0161us risin\u0101jumus visa vecuma b\u0113rniem. \u00a0\" \/>\n<meta property=\"og:url\" content=\"https:\/\/www.bowlero.lv\/wp\/?page_id=42\" \/>\n<meta property=\"og:site_name\" content=\"Bowlero\" \/>\n<meta property=\"article:modified_time\" content=\"2020-05-28T07:42:01+00:00\" \/>\n<meta property=\"og:image\" content=\"https:\/\/www.bowlero.lv\/wp\/wp-content\/uploads\/2021\/10\/Bowlero-centrs-logo-ar-papildrindam-small-1.jpg\" \/>\n\t<meta property=\"og:image:width\" content=\"178\" \/>\n\t<meta property=\"og:image:height\" content=\"106\" \/>\n\t<meta property=\"og:image:type\" content=\"image\/jpeg\" \/>\n<meta name=\"twitter:card\" content=\"summary_large_image\" \/>\n<script type=\"application\/ld+json\" class=\"yoast-schema-graph\">{\"@context\":\"https:\/\/schema.org\",\"@graph\":[{\"@type\":\"WebPage\",\"@id\":\"https:\/\/www.bowlero.lv\/wp\/?page_id=42\",\"url\":\"https:\/\/www.bowlero.lv\/wp\/?page_id=42\",\"name\":\"Izbraukuma b\u0113rnu ball\u012btes - Bowlero\",\"isPartOf\":{\"@id\":\"https:\/\/www.bowlero.lv\/wp\/#website\"},\"datePublished\":\"2017-06-06T08:23:54+00:00\",\"dateModified\":\"2020-05-28T07:42:01+00:00\",\"breadcrumb\":{\"@id\":\"https:\/\/www.bowlero.lv\/wp\/?page_id=42#breadcrumb\"},\"inLanguage\":\"en-US\",\"potentialAction\":[{\"@type\":\"ReadAction\",\"target\":[\"https:\/\/www.bowlero.lv\/wp\/?page_id=42\"]}]},{\"@type\":\"BreadcrumbList\",\"@id\":\"https:\/\/www.bowlero.lv\/wp\/?page_id=42#breadcrumb\",\"itemListElement\":[{\"@type\":\"ListItem\",\"position\":1,\"name\":\"Home\",\"item\":\"https:\/\/www.bowlero.lv\/\"},{\"@type\":\"ListItem\",\"position\":2,\"name\":\"Izbraukuma b\u0113rnu ball\u012btes\"}]},{\"@type\":\"WebSite\",\"@id\":\"https:\/\/www.bowlero.lv\/wp\/#website\",\"url\":\"https:\/\/www.bowlero.lv\/wp\/\",\"name\":\"Bowlero\",\"description\":\"Atp\u016btas un izklaides centrs\",\"publisher\":{\"@id\":\"https:\/\/www.bowlero.lv\/wp\/#organization\"},\"alternateName\":\"Bowlero\",\"potentialAction\":[{\"@type\":\"SearchAction\",\"target\":{\"@type\":\"EntryPoint\",\"urlTemplate\":\"https:\/\/www.bowlero.lv\/wp\/?s={search_term_string}\"},\"query-input\":\"required name=search_term_string\"}],\"inLanguage\":\"en-US\"},{\"@type\":\"Organization\",\"@id\":\"https:\/\/www.bowlero.lv\/wp\/#organization\",\"name\":\"Bowlero\",\"url\":\"https:\/\/www.bowlero.lv\/wp\/\",\"logo\":{\"@type\":\"ImageObject\",\"inLanguage\":\"en-US\",\"@id\":\"https:\/\/www.bowlero.lv\/wp\/#\/schema\/logo\/image\/\",\"url\":\"https:\/\/www.bowlero.lv\/wp\/wp-content\/uploads\/2021\/10\/Bowlero-Logo-new1.jpg\",\"contentUrl\":\"https:\/\/www.bowlero.lv\/wp\/wp-content\/uploads\/2021\/10\/Bowlero-Logo-new1.jpg\",\"width\":886,\"height\":518,\"caption\":\"Bowlero\"},\"image\":{\"@id\":\"https:\/\/www.bowlero.lv\/wp\/#\/schema\/logo\/image\/\"}}]}<\/script>\n<!-- \/ Yoast SEO plugin. -->","yoast_head_json":{"title":"Izbraukuma b\u0113rnu ball\u012btes - Bowlero","robots":{"index":"index","follow":"follow","max-snippet":"max-snippet:-1","max-image-preview":"max-image-preview:large","max-video-preview":"max-video-preview:-1"},"canonical":"https:\/\/www.bowlero.lv\/wp\/?page_id=42","og_locale":"en_US","og_type":"article","og_title":"Izbraukuma b\u0113rnu ball\u012btes - Bowlero","og_description":"IZBRAUKUMA B\u0112RNU BALL\u012aTES Lab\u0101k\u0101s izbraukuma ball\u012btes b\u0113rniem! Pl\u0101no ball\u012bti b\u0113rniem pie sevis m\u0101j\u0101s, d\u0101rz\u0101, laukos vai pat me\u017e\u0101? Bowlero izklaides centrs pied\u0101v\u0101 da\u017e\u0101da veida izklaides programmas un rado\u0161us risin\u0101jumus visa vecuma b\u0113rniem. \u00a0","og_url":"https:\/\/www.bowlero.lv\/wp\/?page_id=42","og_site_name":"Bowlero","article_modified_time":"2020-05-28T07:42:01+00:00","og_image":[{"width":178,"height":106,"url":"https:\/\/www.bowlero.lv\/wp\/wp-content\/uploads\/2021\/10\/Bowlero-centrs-logo-ar-papildrindam-small-1.jpg","type":"image\/jpeg"}],"twitter_card":"summary_large_image","schema":{"@context":"https:\/\/schema.org","@graph":[{"@type":"WebPage","@id":"https:\/\/www.bowlero.lv\/wp\/?page_id=42","url":"https:\/\/www.bowlero.lv\/wp\/?page_id=42","name":"Izbraukuma b\u0113rnu ball\u012btes - Bowlero","isPartOf":{"@id":"https:\/\/www.bowlero.lv\/wp\/#website"},"datePublished":"2017-06-06T08:23:54+00:00","dateModified":"2020-05-28T07:42:01+00:00","breadcrumb":{"@id":"https:\/\/www.bowlero.lv\/wp\/?page_id=42#breadcrumb"},"inLanguage":"en-US","potentialAction":[{"@type":"ReadAction","target":["https:\/\/www.bowlero.lv\/wp\/?page_id=42"]}]},{"@type":"BreadcrumbList","@id":"https:\/\/www.bowlero.lv\/wp\/?page_id=42#breadcrumb","itemListElement":[{"@type":"ListItem","position":1,"name":"Home","item":"https:\/\/www.bowlero.lv\/"},{"@type":"ListItem","position":2,"name":"Izbraukuma b\u0113rnu ball\u012btes"}]},{"@type":"WebSite","@id":"https:\/\/www.bowlero.lv\/wp\/#website","url":"https:\/\/www.bowlero.lv\/wp\/","name":"Bowlero","description":"Atp\u016btas un izklaides centrs","publisher":{"@id":"https:\/\/www.bowlero.lv\/wp\/#organization"},"alternateName":"Bowlero","potentialAction":[{"@type":"SearchAction","target":{"@type":"EntryPoint","urlTemplate":"https:\/\/www.bowlero.lv\/wp\/?s={search_term_string}"},"query-input":"required name=search_term_string"}],"inLanguage":"en-US"},{"@type":"Organization","@id":"https:\/\/www.bowlero.lv\/wp\/#organization","name":"Bowlero","url":"https:\/\/www.bowlero.lv\/wp\/","logo":{"@type":"ImageObject","inLanguage":"en-US","@id":"https:\/\/www.bowlero.lv\/wp\/#\/schema\/logo\/image\/","url":"https:\/\/www.bowlero.lv\/wp\/wp-content\/uploads\/2021\/10\/Bowlero-Logo-new1.jpg","contentUrl":"https:\/\/www.bowlero.lv\/wp\/wp-content\/uploads\/2021\/10\/Bowlero-Logo-new1.jpg","width":886,"height":518,"caption":"Bowlero"},"image":{"@id":"https:\/\/www.bowlero.lv\/wp\/#\/schema\/logo\/image\/"}}]}},"_links":{"self":[{"href":"https:\/\/www.bowlero.lv\/wp\/index.php?rest_route=\/wp\/v2\/pages\/42"}],"collection":[{"href":"https:\/\/www.bowlero.lv\/wp\/index.php?rest_route=\/wp\/v2\/pages"}],"about":[{"href":"https:\/\/www.bowlero.lv\/wp\/index.php?rest_route=\/wp\/v2\/types\/page"}],"author":[{"embeddable":true,"href":"https:\/\/www.bowlero.lv\/wp\/index.php?rest_route=\/wp\/v2\/users\/1"}],"replies":[{"embeddable":true,"href":"https:\/\/www.bowlero.lv\/wp\/index.php?rest_route=%2Fwp%2Fv2%2Fcomments&post=42"}],"version-history":[{"count":18,"href":"https:\/\/www.bowlero.lv\/wp\/index.php?rest_route=\/wp\/v2\/pages\/42\/revisions"}],"predecessor-version":[{"id":3698,"href":"https:\/\/www.bowlero.lv\/wp\/index.php?rest_route=\/wp\/v2\/pages\/42\/revisions\/3698"}],"wp:attachment":[{"href":"https:\/\/www.bowlero.lv\/wp\/index.php?rest_route=%2Fwp%2Fv2%2Fmedia&parent=42"}],"curies":[{"name":"wp","href":"https:\/\/api.w.org\/{rel}","templated":true}]}}