{"id":31,"date":"2017-06-06T07:09:51","date_gmt":"2017-06-06T07:09:51","guid":{"rendered":"http:\/\/apps.webvois.com\/bowleru\/?page_id=31"},"modified":"2024-01-03T10:06:14","modified_gmt":"2024-01-03T08:06:14","slug":"bernu-ballites","status":"publish","type":"page","link":"https:\/\/www.bowlero.lv\/wp\/?page_id=31","title":{"rendered":"B\u0113rnu Ball\u012btes"},"content":{"rendered":"<div class=\"headings\">\n<h1>B\u0113rnu Ball\u012btes<\/h1>\n<p>Bowlero izklaides centrs pied\u0101v\u0101 pla\u0161as iesp\u0113jas b\u0113rnu svin\u012bb\u0101m da\u017e\u0101d\u0101m vecuma<br \/>\ngrup\u0101m. K\u0101 ar\u012b vienk\u0101r\u0161i interesantai un akt\u012bvai laika pavad\u012b\u0161anai ar draugiem,<br \/>\nklasesbiedriem un \u0123imeni. \u012apa\u0161as, b\u0113rniem piem\u0113rotas, boulinga sp\u0113les un turn\u012bri,<br \/>\nd\u017eung\u013cu istaba ar ieb\u016bv\u0113tu slidkalni\u0146u kokos, rado\u0161\u0101s darbn\u012bcas, da\u017e\u0101da veida<br \/>\nsv\u0113tku programmas, aktivit\u0101tes, priek\u0161nesumi, iem\u012b\u013cot\u0101kie pasaku t\u0113li &#8211; tas<br \/>\nviss un daudz vair\u0101k izklaides iesp\u0113ju pied\u0101v\u0101 Bowlero izklaides centr\u0101.<br \/>\nApz\u012bm\u0113jumu at\u0161ifr\u0113jumi: DD &#8211; darba dienu tarifs, BD &#8211; Br\u012bvdienu tarifs.<\/p>\n<\/div>\n<div class=\"images-row\"><\/div>\n<div class=\"images-row\"><a href=\"https:\/\/www.bowlero.lv\/wp\/wp-content\/uploads\/2023\/11\/Bernu-ballisu-komplekti_LV.pdf\"><img loading=\"lazy\" decoding=\"async\" class=\"alignnone wp-image-5732 size-medium\" src=\"https:\/\/www.bowlero.lv\/wp\/wp-content\/uploads\/2023\/08\/Majaslapa-_-ballisu-komplekti-_LV-1-300x300.png\" alt=\"\" width=\"300\" height=\"300\" srcset=\"https:\/\/www.bowlero.lv\/wp\/wp-content\/uploads\/2023\/08\/Majaslapa-_-ballisu-komplekti-_LV-1-300x300.png 300w, https:\/\/www.bowlero.lv\/wp\/wp-content\/uploads\/2023\/08\/Majaslapa-_-ballisu-komplekti-_LV-1-970x970.png 970w, https:\/\/www.bowlero.lv\/wp\/wp-content\/uploads\/2023\/08\/Majaslapa-_-ballisu-komplekti-_LV-1-768x768.png 768w, https:\/\/www.bowlero.lv\/wp\/wp-content\/uploads\/2023\/08\/Majaslapa-_-ballisu-komplekti-_LV-1-1536x1536.png 1536w, https:\/\/www.bowlero.lv\/wp\/wp-content\/uploads\/2023\/08\/Majaslapa-_-ballisu-komplekti-_LV-1-180x180.png 180w, https:\/\/www.bowlero.lv\/wp\/wp-content\/uploads\/2023\/08\/Majaslapa-_-ballisu-komplekti-_LV-1.png 1800w\" sizes=\"(max-width: 300px) 100vw, 300px\" \/><\/a>  <a href=\"https:\/\/www.bowlero.lv\/wp\/wp-content\/uploads\/2024\/01\/Edienu-komplekti-bernu-ballitem_LV.pdf\"><img loading=\"lazy\" decoding=\"async\" class=\"alignnone wp-image-5726 size-medium\" src=\"https:\/\/www.bowlero.lv\/wp\/wp-content\/uploads\/2023\/08\/Majaslapa-_-esanas-komplekti-_LV-300x300.png\" alt=\"\" width=\"300\" height=\"300\" srcset=\"https:\/\/www.bowlero.lv\/wp\/wp-content\/uploads\/2023\/08\/Majaslapa-_-esanas-komplekti-_LV-300x300.png 300w, https:\/\/www.bowlero.lv\/wp\/wp-content\/uploads\/2023\/08\/Majaslapa-_-esanas-komplekti-_LV-970x970.png 970w, https:\/\/www.bowlero.lv\/wp\/wp-content\/uploads\/2023\/08\/Majaslapa-_-esanas-komplekti-_LV-768x768.png 768w, https:\/\/www.bowlero.lv\/wp\/wp-content\/uploads\/2023\/08\/Majaslapa-_-esanas-komplekti-_LV-1536x1536.png 1536w, https:\/\/www.bowlero.lv\/wp\/wp-content\/uploads\/2023\/08\/Majaslapa-_-esanas-komplekti-_LV-180x180.png 180w, https:\/\/www.bowlero.lv\/wp\/wp-content\/uploads\/2023\/08\/Majaslapa-_-esanas-komplekti-_LV.png 1800w\" sizes=\"(max-width: 300px) 100vw, 300px\" \/><\/a><a href=\"https:\/\/www.bowlero.lv\/wp\/wp-content\/uploads\/2023\/10\/Konstruktors_LV.pdf\"><img loading=\"lazy\" decoding=\"async\" class=\"alignnone wp-image-5734 size-medium\" src=\"https:\/\/www.bowlero.lv\/wp\/wp-content\/uploads\/2023\/08\/Majaslapa-_-konstruktors-_LV-1-300x300.png\" alt=\"\" width=\"300\" height=\"300\" srcset=\"https:\/\/www.bowlero.lv\/wp\/wp-content\/uploads\/2023\/08\/Majaslapa-_-konstruktors-_LV-1-300x300.png 300w, https:\/\/www.bowlero.lv\/wp\/wp-content\/uploads\/2023\/08\/Majaslapa-_-konstruktors-_LV-1-970x970.png 970w, https:\/\/www.bowlero.lv\/wp\/wp-content\/uploads\/2023\/08\/Majaslapa-_-konstruktors-_LV-1-768x768.png 768w, https:\/\/www.bowlero.lv\/wp\/wp-content\/uploads\/2023\/08\/Majaslapa-_-konstruktors-_LV-1-1536x1536.png 1536w, https:\/\/www.bowlero.lv\/wp\/wp-content\/uploads\/2023\/08\/Majaslapa-_-konstruktors-_LV-1-180x180.png 180w, https:\/\/www.bowlero.lv\/wp\/wp-content\/uploads\/2023\/08\/Majaslapa-_-konstruktors-_LV-1.png 1800w\" sizes=\"(max-width: 300px) 100vw, 300px\" \/><\/a><\/div>\n","protected":false},"excerpt":{"rendered":"<p>B\u0113rnu Ball\u012btes Bowlero izklaides centrs pied\u0101v\u0101 pla\u0161as iesp\u0113jas b\u0113rnu svin\u012bb\u0101m da\u017e\u0101d\u0101m vecuma grup\u0101m. K\u0101 ar\u012b vienk\u0101r\u0161i interesantai un akt\u012bvai laika pavad\u012b\u0161anai ar draugiem, klasesbiedriem un \u0123imeni. \u012apa\u0161as, b\u0113rniem piem\u0113rotas, boulinga sp\u0113les un turn\u012bri, d\u017eung\u013cu istaba ar ieb\u016bv\u0113tu slidkalni\u0146u kokos, rado\u0161\u0101s darbn\u012bcas, da\u017e\u0101da veida sv\u0113tku programmas, aktivit\u0101tes, priek\u0161nesumi, iem\u012b\u013cot\u0101kie pasaku t\u0113li &#8211; tas viss un daudz&nbsp; <a href=\"https:\/\/www.bowlero.lv\/wp\/?page_id=31\">&hellip; Read more <i class=\"glyphicon glyphicon-arrow-right\"><\/i><\/a><\/p>\n","protected":false},"author":1,"featured_media":0,"parent":0,"menu_order":0,"comment_status":"closed","ping_status":"closed","template":"","meta":{"footnotes":""},"class_list":["post-31","page","type-page","status-publish","hentry"],"yoast_head":"<!-- This site is optimized with the Yoast SEO plugin v23.1 - https:\/\/yoast.com\/wordpress\/plugins\/seo\/ -->\n<title>B\u0113rnu Ball\u012btes - Bowlero<\/title>\n<meta name=\"robots\" content=\"index, follow, max-snippet:-1, max-image-preview:large, max-video-preview:-1\" \/>\n<link rel=\"canonical\" href=\"https:\/\/www.bowlero.lv\/wp\/?page_id=31\" \/>\n<meta property=\"og:locale\" content=\"en_US\" \/>\n<meta property=\"og:type\" content=\"article\" \/>\n<meta property=\"og:title\" content=\"B\u0113rnu Ball\u012btes - Bowlero\" \/>\n<meta property=\"og:description\" content=\"B\u0113rnu Ball\u012btes Bowlero izklaides centrs pied\u0101v\u0101 pla\u0161as iesp\u0113jas b\u0113rnu svin\u012bb\u0101m da\u017e\u0101d\u0101m vecuma grup\u0101m. K\u0101 ar\u012b vienk\u0101r\u0161i interesantai un akt\u012bvai laika pavad\u012b\u0161anai ar draugiem, klasesbiedriem un \u0123imeni. \u012apa\u0161as, b\u0113rniem piem\u0113rotas, boulinga sp\u0113les un turn\u012bri, d\u017eung\u013cu istaba ar ieb\u016bv\u0113tu slidkalni\u0146u kokos, rado\u0161\u0101s darbn\u012bcas, da\u017e\u0101da veida sv\u0113tku programmas, aktivit\u0101tes, priek\u0161nesumi, iem\u012b\u013cot\u0101kie pasaku t\u0113li &#8211; tas viss un daudz&nbsp; &hellip; Read more\" \/>\n<meta property=\"og:url\" content=\"https:\/\/www.bowlero.lv\/wp\/?page_id=31\" \/>\n<meta property=\"og:site_name\" content=\"Bowlero\" \/>\n<meta property=\"article:modified_time\" content=\"2024-01-03T08:06:14+00:00\" \/>\n<meta property=\"og:image\" content=\"https:\/\/www.bowlero.lv\/wp\/wp-content\/uploads\/2023\/08\/Majaslapa-_-ballisu-komplekti-_LV-1-300x300.png\" \/>\n<meta name=\"twitter:card\" content=\"summary_large_image\" \/>\n<meta name=\"twitter:label1\" content=\"Est. reading time\" \/>\n\t<meta name=\"twitter:data1\" content=\"1 minute\" \/>\n<script type=\"application\/ld+json\" class=\"yoast-schema-graph\">{\"@context\":\"https:\/\/schema.org\",\"@graph\":[{\"@type\":\"WebPage\",\"@id\":\"https:\/\/www.bowlero.lv\/wp\/?page_id=31\",\"url\":\"https:\/\/www.bowlero.lv\/wp\/?page_id=31\",\"name\":\"B\u0113rnu Ball\u012btes - Bowlero\",\"isPartOf\":{\"@id\":\"https:\/\/www.bowlero.lv\/wp\/#website\"},\"primaryImageOfPage\":{\"@id\":\"https:\/\/www.bowlero.lv\/wp\/?page_id=31#primaryimage\"},\"image\":{\"@id\":\"https:\/\/www.bowlero.lv\/wp\/?page_id=31#primaryimage\"},\"thumbnailUrl\":\"https:\/\/www.bowlero.lv\/wp\/wp-content\/uploads\/2023\/08\/Majaslapa-_-ballisu-komplekti-_LV-1-300x300.png\",\"datePublished\":\"2017-06-06T07:09:51+00:00\",\"dateModified\":\"2024-01-03T08:06:14+00:00\",\"breadcrumb\":{\"@id\":\"https:\/\/www.bowlero.lv\/wp\/?page_id=31#breadcrumb\"},\"inLanguage\":\"en-US\",\"potentialAction\":[{\"@type\":\"ReadAction\",\"target\":[\"https:\/\/www.bowlero.lv\/wp\/?page_id=31\"]}]},{\"@type\":\"ImageObject\",\"inLanguage\":\"en-US\",\"@id\":\"https:\/\/www.bowlero.lv\/wp\/?page_id=31#primaryimage\",\"url\":\"https:\/\/www.bowlero.lv\/wp\/wp-content\/uploads\/2023\/08\/Majaslapa-_-ballisu-komplekti-_LV-1.png\",\"contentUrl\":\"https:\/\/www.bowlero.lv\/wp\/wp-content\/uploads\/2023\/08\/Majaslapa-_-ballisu-komplekti-_LV-1.png\",\"width\":1800,\"height\":1800},{\"@type\":\"BreadcrumbList\",\"@id\":\"https:\/\/www.bowlero.lv\/wp\/?page_id=31#breadcrumb\",\"itemListElement\":[{\"@type\":\"ListItem\",\"position\":1,\"name\":\"Home\",\"item\":\"https:\/\/www.bowlero.lv\/\"},{\"@type\":\"ListItem\",\"position\":2,\"name\":\"B\u0113rnu Ball\u012btes\"}]},{\"@type\":\"WebSite\",\"@id\":\"https:\/\/www.bowlero.lv\/wp\/#website\",\"url\":\"https:\/\/www.bowlero.lv\/wp\/\",\"name\":\"Bowlero\",\"description\":\"Atp\u016btas un izklaides centrs\",\"publisher\":{\"@id\":\"https:\/\/www.bowlero.lv\/wp\/#organization\"},\"alternateName\":\"Bowlero\",\"potentialAction\":[{\"@type\":\"SearchAction\",\"target\":{\"@type\":\"EntryPoint\",\"urlTemplate\":\"https:\/\/www.bowlero.lv\/wp\/?s={search_term_string}\"},\"query-input\":\"required name=search_term_string\"}],\"inLanguage\":\"en-US\"},{\"@type\":\"Organization\",\"@id\":\"https:\/\/www.bowlero.lv\/wp\/#organization\",\"name\":\"Bowlero\",\"url\":\"https:\/\/www.bowlero.lv\/wp\/\",\"logo\":{\"@type\":\"ImageObject\",\"inLanguage\":\"en-US\",\"@id\":\"https:\/\/www.bowlero.lv\/wp\/#\/schema\/logo\/image\/\",\"url\":\"https:\/\/www.bowlero.lv\/wp\/wp-content\/uploads\/2021\/10\/Bowlero-Logo-new1.jpg\",\"contentUrl\":\"https:\/\/www.bowlero.lv\/wp\/wp-content\/uploads\/2021\/10\/Bowlero-Logo-new1.jpg\",\"width\":886,\"height\":518,\"caption\":\"Bowlero\"},\"image\":{\"@id\":\"https:\/\/www.bowlero.lv\/wp\/#\/schema\/logo\/image\/\"}}]}<\/script>\n<!-- \/ Yoast SEO plugin. -->","yoast_head_json":{"title":"B\u0113rnu Ball\u012btes - Bowlero","robots":{"index":"index","follow":"follow","max-snippet":"max-snippet:-1","max-image-preview":"max-image-preview:large","max-video-preview":"max-video-preview:-1"},"canonical":"https:\/\/www.bowlero.lv\/wp\/?page_id=31","og_locale":"en_US","og_type":"article","og_title":"B\u0113rnu Ball\u012btes - Bowlero","og_description":"B\u0113rnu Ball\u012btes Bowlero izklaides centrs pied\u0101v\u0101 pla\u0161as iesp\u0113jas b\u0113rnu svin\u012bb\u0101m da\u017e\u0101d\u0101m vecuma grup\u0101m. K\u0101 ar\u012b vienk\u0101r\u0161i interesantai un akt\u012bvai laika pavad\u012b\u0161anai ar draugiem, klasesbiedriem un \u0123imeni. \u012apa\u0161as, b\u0113rniem piem\u0113rotas, boulinga sp\u0113les un turn\u012bri, d\u017eung\u013cu istaba ar ieb\u016bv\u0113tu slidkalni\u0146u kokos, rado\u0161\u0101s darbn\u012bcas, da\u017e\u0101da veida sv\u0113tku programmas, aktivit\u0101tes, priek\u0161nesumi, iem\u012b\u013cot\u0101kie pasaku t\u0113li &#8211; tas viss un daudz&nbsp; &hellip; Read more","og_url":"https:\/\/www.bowlero.lv\/wp\/?page_id=31","og_site_name":"Bowlero","article_modified_time":"2024-01-03T08:06:14+00:00","og_image":[{"url":"https:\/\/www.bowlero.lv\/wp\/wp-content\/uploads\/2023\/08\/Majaslapa-_-ballisu-komplekti-_LV-1-300x300.png"}],"twitter_card":"summary_large_image","twitter_misc":{"Est. reading time":"1 minute"},"schema":{"@context":"https:\/\/schema.org","@graph":[{"@type":"WebPage","@id":"https:\/\/www.bowlero.lv\/wp\/?page_id=31","url":"https:\/\/www.bowlero.lv\/wp\/?page_id=31","name":"B\u0113rnu Ball\u012btes - Bowlero","isPartOf":{"@id":"https:\/\/www.bowlero.lv\/wp\/#website"},"primaryImageOfPage":{"@id":"https:\/\/www.bowlero.lv\/wp\/?page_id=31#primaryimage"},"image":{"@id":"https:\/\/www.bowlero.lv\/wp\/?page_id=31#primaryimage"},"thumbnailUrl":"https:\/\/www.bowlero.lv\/wp\/wp-content\/uploads\/2023\/08\/Majaslapa-_-ballisu-komplekti-_LV-1-300x300.png","datePublished":"2017-06-06T07:09:51+00:00","dateModified":"2024-01-03T08:06:14+00:00","breadcrumb":{"@id":"https:\/\/www.bowlero.lv\/wp\/?page_id=31#breadcrumb"},"inLanguage":"en-US","potentialAction":[{"@type":"ReadAction","target":["https:\/\/www.bowlero.lv\/wp\/?page_id=31"]}]},{"@type":"ImageObject","inLanguage":"en-US","@id":"https:\/\/www.bowlero.lv\/wp\/?page_id=31#primaryimage","url":"https:\/\/www.bowlero.lv\/wp\/wp-content\/uploads\/2023\/08\/Majaslapa-_-ballisu-komplekti-_LV-1.png","contentUrl":"https:\/\/www.bowlero.lv\/wp\/wp-content\/uploads\/2023\/08\/Majaslapa-_-ballisu-komplekti-_LV-1.png","width":1800,"height":1800},{"@type":"BreadcrumbList","@id":"https:\/\/www.bowlero.lv\/wp\/?page_id=31#breadcrumb","itemListElement":[{"@type":"ListItem","position":1,"name":"Home","item":"https:\/\/www.bowlero.lv\/"},{"@type":"ListItem","position":2,"name":"B\u0113rnu Ball\u012btes"}]},{"@type":"WebSite","@id":"https:\/\/www.bowlero.lv\/wp\/#website","url":"https:\/\/www.bowlero.lv\/wp\/","name":"Bowlero","description":"Atp\u016btas un izklaides centrs","publisher":{"@id":"https:\/\/www.bowlero.lv\/wp\/#organization"},"alternateName":"Bowlero","potentialAction":[{"@type":"SearchAction","target":{"@type":"EntryPoint","urlTemplate":"https:\/\/www.bowlero.lv\/wp\/?s={search_term_string}"},"query-input":"required name=search_term_string"}],"inLanguage":"en-US"},{"@type":"Organization","@id":"https:\/\/www.bowlero.lv\/wp\/#organization","name":"Bowlero","url":"https:\/\/www.bowlero.lv\/wp\/","logo":{"@type":"ImageObject","inLanguage":"en-US","@id":"https:\/\/www.bowlero.lv\/wp\/#\/schema\/logo\/image\/","url":"https:\/\/www.bowlero.lv\/wp\/wp-content\/uploads\/2021\/10\/Bowlero-Logo-new1.jpg","contentUrl":"https:\/\/www.bowlero.lv\/wp\/wp-content\/uploads\/2021\/10\/Bowlero-Logo-new1.jpg","width":886,"height":518,"caption":"Bowlero"},"image":{"@id":"https:\/\/www.bowlero.lv\/wp\/#\/schema\/logo\/image\/"}}]}},"_links":{"self":[{"href":"https:\/\/www.bowlero.lv\/wp\/index.php?rest_route=\/wp\/v2\/pages\/31"}],"collection":[{"href":"https:\/\/www.bowlero.lv\/wp\/index.php?rest_route=\/wp\/v2\/pages"}],"about":[{"href":"https:\/\/www.bowlero.lv\/wp\/index.php?rest_route=\/wp\/v2\/types\/page"}],"author":[{"embeddable":true,"href":"https:\/\/www.bowlero.lv\/wp\/index.php?rest_route=\/wp\/v2\/users\/1"}],"replies":[{"embeddable":true,"href":"https:\/\/www.bowlero.lv\/wp\/index.php?rest_route=%2Fwp%2Fv2%2Fcomments&post=31"}],"version-history":[{"count":107,"href":"https:\/\/www.bowlero.lv\/wp\/index.php?rest_route=\/wp\/v2\/pages\/31\/revisions"}],"predecessor-version":[{"id":5799,"href":"https:\/\/www.bowlero.lv\/wp\/index.php?rest_route=\/wp\/v2\/pages\/31\/revisions\/5799"}],"wp:attachment":[{"href":"https:\/\/www.bowlero.lv\/wp\/index.php?rest_route=%2Fwp%2Fv2%2Fmedia&parent=31"}],"curies":[{"name":"wp","href":"https:\/\/api.w.org\/{rel}","templated":true}]}}