{"id":22,"date":"2017-06-06T06:05:05","date_gmt":"2017-06-06T06:05:05","guid":{"rendered":"http:\/\/apps.webvois.com\/bowleru\/?page_id=22"},"modified":"2025-08-01T10:07:18","modified_gmt":"2025-08-01T08:07:18","slug":"boulings","status":"publish","type":"page","link":"https:\/\/www.bowlero.lv\/wp\/?page_id=22","title":{"rendered":"Boulings"},"content":{"rendered":"<h1>Bowlero pied\u0101v\u0101 12 celi\u0146us BRUNSWICK<\/h1>\n<div class=\"images-row\">\n\t<a href=\"https:\/\/www.facebook.com\/pg\/BowleroRiga\/services\/\"><img loading=\"lazy\" decoding=\"async\" class=\"alignnone wp-image-1353 size-medium\" src=\"https:\/\/www.bowlero.lv\/wp\/wp-content\/uploads\/2019\/08\/bowling-facebook.jpg\" alt=\"\" width=\"300\" height=\"300\" \/><\/a><a href=\"https:\/\/www.bowlero.lv\/wp\/?page_id=31\"><img loading=\"lazy\" decoding=\"async\" class=\"alignnone wp-image-24 size-full\" src=\"https:\/\/www.bowlero.lv\/wp\/wp-content\/uploads\/2017\/06\/bernu.jpg\" alt=\"\" width=\"299\" height=\"300\" \/><\/a><a href=\"https:\/\/www.bowlero.lv\/wp\/?page_id=53\"><img loading=\"lazy\" decoding=\"async\" class=\"alignnone size-full wp-image-25\" src=\"https:\/\/www.bowlero.lv\/wp-content\/uploads\/2017\/06\/korporativie.jpg\" alt=\"\" width=\"304\" height=\"304\" srcset=\"https:\/\/www.bowlero.lv\/wp\/wp-content\/uploads\/2017\/06\/korporativie.jpg 304w, https:\/\/www.bowlero.lv\/wp\/wp-content\/uploads\/2017\/06\/korporativie-300x300.jpg 300w\" sizes=\"(max-width: 304px) 100vw, 304px\" \/><\/a><a href=\"https:\/\/www.bowlero.lv\/wp\/wp-content\/uploads\/2025\/02\/komplekts_2025-acgarna-boulinga-ballite.pdf\"><img loading=\"lazy\" decoding=\"async\" class=\"alignnone wp-image-5717 size-medium\" src=\"https:\/\/www.bowlero.lv\/wp\/wp-content\/uploads\/2025\/02\/komplekts_2025-acgarna-boulinga-ballite.jpg\" alt=\"\" width=\"300\" height=\"300\" \/><\/a><a href=\"https:\/\/www.bowlero.lv\/wp\/wp-content\/uploads\/2025\/02\/komplekts_2025-picu-ballite.pdf\"><img loading=\"lazy\" decoding=\"async\" class=\"alignnone wp-image-5717 size-medium\" src=\"https:\/\/www.bowlero.lv\/wp\/wp-content\/uploads\/2025\/02\/komplekts_2025-picu-ballite.jpg\" alt=\"\" width=\"300\" height=\"300\" \/><\/a><a href=\"https:\/\/www.bowlero.lv\/wp\/wp-content\/uploads\/2025\/02\/komplekts_2025-vina-ballite.pdf\"><img loading=\"lazy\" decoding=\"async\" class=\"alignnone wp-image-5717 size-medium\" src=\"https:\/\/www.bowlero.lv\/wp\/wp-content\/uploads\/2025\/02\/komplekts_2025-vina-ballite.jpg\" alt=\"\" width=\"300\" height=\"300\" \/><\/a><a href=\"https:\/\/www.bowlero.lv\/wp\/wp-content\/uploads\/2024\/02\/dzd-un-vd-atlaides-_kvadrats-min-1.png\"><img loading=\"lazy\" decoding=\"async\" class=\"alignnone wp-image-5844 size-medium\" src=\"https:\/\/www.bowlero.lv\/wp\/wp-content\/uploads\/2024\/02\/dzd-un-vd-atlaides-_kvadrats-min-1-300x300.png\" alt=\"\" width=\"300\" height=\"300\" srcset=\"https:\/\/www.bowlero.lv\/wp\/wp-content\/uploads\/2024\/02\/dzd-un-vd-atlaides-_kvadrats-min-1-300x300.png 300w, https:\/\/www.bowlero.lv\/wp\/wp-content\/uploads\/2024\/02\/dzd-un-vd-atlaides-_kvadrats-min-1-970x970.png 970w, https:\/\/www.bowlero.lv\/wp\/wp-content\/uploads\/2024\/02\/dzd-un-vd-atlaides-_kvadrats-min-1-768x768.png 768w, https:\/\/www.bowlero.lv\/wp\/wp-content\/uploads\/2024\/02\/dzd-un-vd-atlaides-_kvadrats-min-1-180x180.png 180w, https:\/\/www.bowlero.lv\/wp\/wp-content\/uploads\/2024\/02\/dzd-un-vd-atlaides-_kvadrats-min-1.png 1080w\" sizes=\"(max-width: 300px) 100vw, 300px\" \/><\/a><a href=\"https:\/\/www.bowlero.lv\/wp\/wp-content\/uploads\/2023\/03\/Straiku-karalis.png\"><img loading=\"lazy\" decoding=\"async\" class=\"alignnone wp-image-418 size-medium\" src=\"https:\/\/www.bowlero.lv\/wp\/wp-content\/uploads\/2017\/06\/Straiku_Karalis_kvadrats-300x300.png\" alt=\"\" width=\"300\" height=\"300\" srcset=\"https:\/\/www.bowlero.lv\/wp\/wp-content\/uploads\/2017\/06\/Straiku_Karalis_kvadrats-300x300.png 300w, https:\/\/www.bowlero.lv\/wp\/wp-content\/uploads\/2017\/06\/Straiku_Karalis_kvadrats-768x768.png 768w, https:\/\/www.bowlero.lv\/wp\/wp-content\/uploads\/2017\/06\/Straiku_Karalis_kvadrats-970x970.png 970w, https:\/\/www.bowlero.lv\/wp\/wp-content\/uploads\/2017\/06\/Straiku_Karalis_kvadrats.png 1201w\" sizes=\"(max-width: 300px) 100vw, 300px\" \/><\/a><a href=\"https:\/\/www.bowlero.lv\/?page_id=2196\"><img loading=\"lazy\" decoding=\"async\" class=\"alignnone wp-image-1985 size-medium\" src=\"https:\/\/www.bowlero.lv\/wp\/wp-content\/uploads\/2019\/03\/majaslapa_bowlero_pro_shop1-1-300x300.jpg\" alt=\"\" width=\"300\" height=\"300\" srcset=\"https:\/\/www.bowlero.lv\/wp\/wp-content\/uploads\/2019\/03\/majaslapa_bowlero_pro_shop1-1-300x300.jpg 300w, https:\/\/www.bowlero.lv\/wp\/wp-content\/uploads\/2019\/03\/majaslapa_bowlero_pro_shop1-1-768x768.jpg 768w, https:\/\/www.bowlero.lv\/wp\/wp-content\/uploads\/2019\/03\/majaslapa_bowlero_pro_shop1-1-970x970.jpg 970w, https:\/\/www.bowlero.lv\/wp\/wp-content\/uploads\/2019\/03\/majaslapa_bowlero_pro_shop1-1.jpg 1772w\" sizes=\"(max-width: 300px) 100vw, 300px\" \/><\/a><a href=\"https:\/\/www.facebook.com\/pg\/BowleroRiga\/photos\/?ref=page_internal\"><img loading=\"lazy\" decoding=\"async\" class=\"alignnone wp-image-9 size-medium\" src=\"https:\/\/www.bowlero.lv\/wp\/wp-content\/uploads\/2017\/06\/block-1-300x300.jpg\" alt=\"\" width=\"300\" height=\"300\" srcset=\"https:\/\/www.bowlero.lv\/wp\/wp-content\/uploads\/2017\/06\/block-1-300x300.jpg 300w, https:\/\/www.bowlero.lv\/wp\/wp-content\/uploads\/2017\/06\/block-1.jpg 302w\" sizes=\"(max-width: 300px) 100vw, 300px\" \/><a href=\"https:\/\/www.bowlero.lv\/wp\/wp-content\/uploads\/2024\/07\/Boulinga-cenas_majaslapa.pdf\"><img decoding=\"async\" src=\"https:\/\/www.bowlero.lv\/wp\/wp-content\/uploads\/2024\/07\/Boulinga-cenas_majaslapa-300x300.png\" \/><\/a><a href=\"https:\/\/www.bowlero.lv\/wp\/wp-content\/uploads\/2024\/03\/Nolikums_klases_turnirs-boulinga_compressed.pdf\"><img loading=\"lazy\" decoding=\"async\" class=\"alignnone wp-image-5881 size-medium\" src=\"https:\/\/www.bowlero.lv\/wp\/wp-content\/uploads\/2024\/03\/Majaslapa_Klases-pasakums_rudens-1800-x-1800-px-min-300x300.png\" alt=\"\" width=\"300\" height=\"300\" srcset=\"https:\/\/www.bowlero.lv\/wp\/wp-content\/uploads\/2024\/03\/Majaslapa_Klases-pasakums_rudens-1800-x-1800-px-min-300x300.png 300w, https:\/\/www.bowlero.lv\/wp\/wp-content\/uploads\/2024\/03\/Majaslapa_Klases-pasakums_rudens-1800-x-1800-px-min-970x970.png 970w, https:\/\/www.bowlero.lv\/wp\/wp-content\/uploads\/2024\/03\/Majaslapa_Klases-pasakums_rudens-1800-x-1800-px-min-768x768.png 768w, https:\/\/www.bowlero.lv\/wp\/wp-content\/uploads\/2024\/03\/Majaslapa_Klases-pasakums_rudens-1800-x-1800-px-min-1536x1536.png 1536w, https:\/\/www.bowlero.lv\/wp\/wp-content\/uploads\/2024\/03\/Majaslapa_Klases-pasakums_rudens-1800-x-1800-px-min-180x180.png 180w, https:\/\/www.bowlero.lv\/wp\/wp-content\/uploads\/2024\/03\/Majaslapa_Klases-pasakums_rudens-1800-x-1800-px-min.png 1800w\" sizes=\"(max-width: 300px) 100vw, 300px\" \/><\/a><a href=\"https:\/\/www.bowlero.lv\/wp\/wp-content\/uploads\/2024\/02\/Biezak-uzdotie-jautajumi_compressed.pdf\"><img loading=\"lazy\" decoding=\"async\" class=\"alignnone wp-image-5851 size-medium\" src=\"https:\/\/www.bowlero.lv\/wp\/wp-content\/uploads\/2024\/02\/Biezak-uzdotie-jautajumi-Instagram-Post-min-300x300.png\" alt=\"\" width=\"300\" height=\"300\" srcset=\"https:\/\/www.bowlero.lv\/wp\/wp-content\/uploads\/2024\/02\/Biezak-uzdotie-jautajumi-Instagram-Post-min-300x300.png 300w, https:\/\/www.bowlero.lv\/wp\/wp-content\/uploads\/2024\/02\/Biezak-uzdotie-jautajumi-Instagram-Post-min-970x970.png 970w, https:\/\/www.bowlero.lv\/wp\/wp-content\/uploads\/2024\/02\/Biezak-uzdotie-jautajumi-Instagram-Post-min-768x768.png 768w, https:\/\/www.bowlero.lv\/wp\/wp-content\/uploads\/2024\/02\/Biezak-uzdotie-jautajumi-Instagram-Post-min-180x180.png 180w, https:\/\/www.bowlero.lv\/wp\/wp-content\/uploads\/2024\/02\/Biezak-uzdotie-jautajumi-Instagram-Post-min.png 1080w\" sizes=\"(max-width: 300px) 100vw, 300px\" \/><\/a><\/div>\n","protected":false},"excerpt":{"rendered":"<p>Bowlero pied\u0101v\u0101 12 celi\u0146us BRUNSWICK<\/p>\n","protected":false},"author":1,"featured_media":0,"parent":0,"menu_order":0,"comment_status":"closed","ping_status":"closed","template":"","meta":{"footnotes":""},"class_list":["post-22","page","type-page","status-publish","hentry"],"yoast_head":"<!-- This site is optimized with the Yoast SEO plugin v23.1 - https:\/\/yoast.com\/wordpress\/plugins\/seo\/ -->\n<title>Boulings - Bowlero<\/title>\n<meta name=\"robots\" content=\"index, follow, max-snippet:-1, max-image-preview:large, max-video-preview:-1\" \/>\n<link rel=\"canonical\" href=\"https:\/\/www.bowlero.lv\/wp\/?page_id=22\" \/>\n<meta property=\"og:locale\" content=\"en_US\" \/>\n<meta property=\"og:type\" content=\"article\" \/>\n<meta property=\"og:title\" content=\"Boulings - Bowlero\" \/>\n<meta property=\"og:description\" content=\"Bowlero pied\u0101v\u0101 12 celi\u0146us BRUNSWICK\" \/>\n<meta property=\"og:url\" content=\"https:\/\/www.bowlero.lv\/wp\/?page_id=22\" \/>\n<meta property=\"og:site_name\" content=\"Bowlero\" \/>\n<meta property=\"article:modified_time\" content=\"2025-08-01T08:07:18+00:00\" \/>\n<meta property=\"og:image\" content=\"https:\/\/www.bowlero.lv\/wp\/wp-content\/uploads\/2019\/08\/bowling-facebook.jpg\" \/>\n<meta name=\"twitter:card\" content=\"summary_large_image\" \/>\n<meta name=\"twitter:label1\" content=\"Est. reading time\" \/>\n\t<meta name=\"twitter:data1\" content=\"3 minutes\" \/>\n<script type=\"application\/ld+json\" class=\"yoast-schema-graph\">{\"@context\":\"https:\/\/schema.org\",\"@graph\":[{\"@type\":\"WebPage\",\"@id\":\"https:\/\/www.bowlero.lv\/wp\/?page_id=22\",\"url\":\"https:\/\/www.bowlero.lv\/wp\/?page_id=22\",\"name\":\"Boulings - Bowlero\",\"isPartOf\":{\"@id\":\"https:\/\/www.bowlero.lv\/wp\/#website\"},\"primaryImageOfPage\":{\"@id\":\"https:\/\/www.bowlero.lv\/wp\/?page_id=22#primaryimage\"},\"image\":{\"@id\":\"https:\/\/www.bowlero.lv\/wp\/?page_id=22#primaryimage\"},\"thumbnailUrl\":\"https:\/\/www.bowlero.lv\/wp\/wp-content\/uploads\/2019\/08\/bowling-facebook.jpg\",\"datePublished\":\"2017-06-06T06:05:05+00:00\",\"dateModified\":\"2025-08-01T08:07:18+00:00\",\"breadcrumb\":{\"@id\":\"https:\/\/www.bowlero.lv\/wp\/?page_id=22#breadcrumb\"},\"inLanguage\":\"en-US\",\"potentialAction\":[{\"@type\":\"ReadAction\",\"target\":[\"https:\/\/www.bowlero.lv\/wp\/?page_id=22\"]}]},{\"@type\":\"ImageObject\",\"inLanguage\":\"en-US\",\"@id\":\"https:\/\/www.bowlero.lv\/wp\/?page_id=22#primaryimage\",\"url\":\"https:\/\/www.bowlero.lv\/wp\/wp-content\/uploads\/2019\/08\/bowling-facebook.jpg\",\"contentUrl\":\"https:\/\/www.bowlero.lv\/wp\/wp-content\/uploads\/2019\/08\/bowling-facebook.jpg\",\"width\":400,\"height\":400},{\"@type\":\"BreadcrumbList\",\"@id\":\"https:\/\/www.bowlero.lv\/wp\/?page_id=22#breadcrumb\",\"itemListElement\":[{\"@type\":\"ListItem\",\"position\":1,\"name\":\"Home\",\"item\":\"https:\/\/www.bowlero.lv\/\"},{\"@type\":\"ListItem\",\"position\":2,\"name\":\"Boulings\"}]},{\"@type\":\"WebSite\",\"@id\":\"https:\/\/www.bowlero.lv\/wp\/#website\",\"url\":\"https:\/\/www.bowlero.lv\/wp\/\",\"name\":\"Bowlero\",\"description\":\"Atp\u016btas un izklaides centrs\",\"publisher\":{\"@id\":\"https:\/\/www.bowlero.lv\/wp\/#organization\"},\"alternateName\":\"Bowlero\",\"potentialAction\":[{\"@type\":\"SearchAction\",\"target\":{\"@type\":\"EntryPoint\",\"urlTemplate\":\"https:\/\/www.bowlero.lv\/wp\/?s={search_term_string}\"},\"query-input\":\"required name=search_term_string\"}],\"inLanguage\":\"en-US\"},{\"@type\":\"Organization\",\"@id\":\"https:\/\/www.bowlero.lv\/wp\/#organization\",\"name\":\"Bowlero\",\"url\":\"https:\/\/www.bowlero.lv\/wp\/\",\"logo\":{\"@type\":\"ImageObject\",\"inLanguage\":\"en-US\",\"@id\":\"https:\/\/www.bowlero.lv\/wp\/#\/schema\/logo\/image\/\",\"url\":\"https:\/\/www.bowlero.lv\/wp\/wp-content\/uploads\/2021\/10\/Bowlero-Logo-new1.jpg\",\"contentUrl\":\"https:\/\/www.bowlero.lv\/wp\/wp-content\/uploads\/2021\/10\/Bowlero-Logo-new1.jpg\",\"width\":886,\"height\":518,\"caption\":\"Bowlero\"},\"image\":{\"@id\":\"https:\/\/www.bowlero.lv\/wp\/#\/schema\/logo\/image\/\"}}]}<\/script>\n<!-- \/ Yoast SEO plugin. -->","yoast_head_json":{"title":"Boulings - Bowlero","robots":{"index":"index","follow":"follow","max-snippet":"max-snippet:-1","max-image-preview":"max-image-preview:large","max-video-preview":"max-video-preview:-1"},"canonical":"https:\/\/www.bowlero.lv\/wp\/?page_id=22","og_locale":"en_US","og_type":"article","og_title":"Boulings - Bowlero","og_description":"Bowlero pied\u0101v\u0101 12 celi\u0146us BRUNSWICK","og_url":"https:\/\/www.bowlero.lv\/wp\/?page_id=22","og_site_name":"Bowlero","article_modified_time":"2025-08-01T08:07:18+00:00","og_image":[{"url":"https:\/\/www.bowlero.lv\/wp\/wp-content\/uploads\/2019\/08\/bowling-facebook.jpg"}],"twitter_card":"summary_large_image","twitter_misc":{"Est. reading time":"3 minutes"},"schema":{"@context":"https:\/\/schema.org","@graph":[{"@type":"WebPage","@id":"https:\/\/www.bowlero.lv\/wp\/?page_id=22","url":"https:\/\/www.bowlero.lv\/wp\/?page_id=22","name":"Boulings - Bowlero","isPartOf":{"@id":"https:\/\/www.bowlero.lv\/wp\/#website"},"primaryImageOfPage":{"@id":"https:\/\/www.bowlero.lv\/wp\/?page_id=22#primaryimage"},"image":{"@id":"https:\/\/www.bowlero.lv\/wp\/?page_id=22#primaryimage"},"thumbnailUrl":"https:\/\/www.bowlero.lv\/wp\/wp-content\/uploads\/2019\/08\/bowling-facebook.jpg","datePublished":"2017-06-06T06:05:05+00:00","dateModified":"2025-08-01T08:07:18+00:00","breadcrumb":{"@id":"https:\/\/www.bowlero.lv\/wp\/?page_id=22#breadcrumb"},"inLanguage":"en-US","potentialAction":[{"@type":"ReadAction","target":["https:\/\/www.bowlero.lv\/wp\/?page_id=22"]}]},{"@type":"ImageObject","inLanguage":"en-US","@id":"https:\/\/www.bowlero.lv\/wp\/?page_id=22#primaryimage","url":"https:\/\/www.bowlero.lv\/wp\/wp-content\/uploads\/2019\/08\/bowling-facebook.jpg","contentUrl":"https:\/\/www.bowlero.lv\/wp\/wp-content\/uploads\/2019\/08\/bowling-facebook.jpg","width":400,"height":400},{"@type":"BreadcrumbList","@id":"https:\/\/www.bowlero.lv\/wp\/?page_id=22#breadcrumb","itemListElement":[{"@type":"ListItem","position":1,"name":"Home","item":"https:\/\/www.bowlero.lv\/"},{"@type":"ListItem","position":2,"name":"Boulings"}]},{"@type":"WebSite","@id":"https:\/\/www.bowlero.lv\/wp\/#website","url":"https:\/\/www.bowlero.lv\/wp\/","name":"Bowlero","description":"Atp\u016btas un izklaides centrs","publisher":{"@id":"https:\/\/www.bowlero.lv\/wp\/#organization"},"alternateName":"Bowlero","potentialAction":[{"@type":"SearchAction","target":{"@type":"EntryPoint","urlTemplate":"https:\/\/www.bowlero.lv\/wp\/?s={search_term_string}"},"query-input":"required name=search_term_string"}],"inLanguage":"en-US"},{"@type":"Organization","@id":"https:\/\/www.bowlero.lv\/wp\/#organization","name":"Bowlero","url":"https:\/\/www.bowlero.lv\/wp\/","logo":{"@type":"ImageObject","inLanguage":"en-US","@id":"https:\/\/www.bowlero.lv\/wp\/#\/schema\/logo\/image\/","url":"https:\/\/www.bowlero.lv\/wp\/wp-content\/uploads\/2021\/10\/Bowlero-Logo-new1.jpg","contentUrl":"https:\/\/www.bowlero.lv\/wp\/wp-content\/uploads\/2021\/10\/Bowlero-Logo-new1.jpg","width":886,"height":518,"caption":"Bowlero"},"image":{"@id":"https:\/\/www.bowlero.lv\/wp\/#\/schema\/logo\/image\/"}}]}},"_links":{"self":[{"href":"https:\/\/www.bowlero.lv\/wp\/index.php?rest_route=\/wp\/v2\/pages\/22"}],"collection":[{"href":"https:\/\/www.bowlero.lv\/wp\/index.php?rest_route=\/wp\/v2\/pages"}],"about":[{"href":"https:\/\/www.bowlero.lv\/wp\/index.php?rest_route=\/wp\/v2\/types\/page"}],"author":[{"embeddable":true,"href":"https:\/\/www.bowlero.lv\/wp\/index.php?rest_route=\/wp\/v2\/users\/1"}],"replies":[{"embeddable":true,"href":"https:\/\/www.bowlero.lv\/wp\/index.php?rest_route=%2Fwp%2Fv2%2Fcomments&post=22"}],"version-history":[{"count":83,"href":"https:\/\/www.bowlero.lv\/wp\/index.php?rest_route=\/wp\/v2\/pages\/22\/revisions"}],"predecessor-version":[{"id":5925,"href":"https:\/\/www.bowlero.lv\/wp\/index.php?rest_route=\/wp\/v2\/pages\/22\/revisions\/5925"}],"wp:attachment":[{"href":"https:\/\/www.bowlero.lv\/wp\/index.php?rest_route=%2Fwp%2Fv2%2Fmedia&parent=22"}],"curies":[{"name":"wp","href":"https:\/\/api.w.org\/{rel}","templated":true}]}}