{"id":166,"date":"2017-06-15T09:33:34","date_gmt":"2017-06-15T09:33:34","guid":{"rendered":"http:\/\/www.bowlero.lv\/?page_id=166"},"modified":"2022-05-03T15:47:20","modified_gmt":"2022-05-03T15:47:20","slug":"jaunumi-un-aktualitates","status":"publish","type":"page","link":"https:\/\/www.bowlero.lv\/wp\/?page_id=166","title":{"rendered":"Jaunumi un aktualit\u0101tes"},"content":{"rendered":"<h1>Jaunumi un aktualit\u0101tes<\/h1>\n<div style=\"text-align: center;\">\n&nbsp;<br \/>\n&nbsp;<br \/>\nUz doto br\u012bdi sada\u013ca atrodas izstr\u0101des stadij\u0101!\n<\/div>\n","protected":false},"excerpt":{"rendered":"<p>Jaunumi un aktualit\u0101tes &nbsp; &nbsp; Uz doto br\u012bdi sada\u013ca atrodas izstr\u0101des stadij\u0101!<\/p>\n","protected":false},"author":1,"featured_media":0,"parent":0,"menu_order":0,"comment_status":"closed","ping_status":"closed","template":"","meta":{"footnotes":""},"class_list":["post-166","page","type-page","status-publish","hentry"],"yoast_head":"<!-- This site is optimized with the Yoast SEO plugin v23.1 - https:\/\/yoast.com\/wordpress\/plugins\/seo\/ -->\n<title>Jaunumi un aktualit\u0101tes - Bowlero<\/title>\n<meta name=\"robots\" content=\"index, follow, max-snippet:-1, max-image-preview:large, max-video-preview:-1\" \/>\n<link rel=\"canonical\" href=\"https:\/\/www.bowlero.lv\/wp\/?page_id=166\" \/>\n<meta property=\"og:locale\" content=\"en_US\" \/>\n<meta property=\"og:type\" content=\"article\" \/>\n<meta property=\"og:title\" content=\"Jaunumi un aktualit\u0101tes - Bowlero\" \/>\n<meta property=\"og:description\" content=\"Jaunumi un aktualit\u0101tes &nbsp; &nbsp; Uz doto br\u012bdi sada\u013ca atrodas izstr\u0101des stadij\u0101!\" \/>\n<meta property=\"og:url\" content=\"https:\/\/www.bowlero.lv\/wp\/?page_id=166\" \/>\n<meta property=\"og:site_name\" content=\"Bowlero\" \/>\n<meta property=\"article:modified_time\" content=\"2022-05-03T15:47:20+00:00\" \/>\n<meta property=\"og:image\" content=\"https:\/\/www.bowlero.lv\/wp\/wp-content\/uploads\/2021\/10\/Bowlero-centrs-logo-ar-papildrindam-small-1.jpg\" \/>\n\t<meta property=\"og:image:width\" content=\"178\" \/>\n\t<meta property=\"og:image:height\" content=\"106\" \/>\n\t<meta property=\"og:image:type\" content=\"image\/jpeg\" \/>\n<meta name=\"twitter:card\" content=\"summary_large_image\" \/>\n<script type=\"application\/ld+json\" class=\"yoast-schema-graph\">{\"@context\":\"https:\/\/schema.org\",\"@graph\":[{\"@type\":\"WebPage\",\"@id\":\"https:\/\/www.bowlero.lv\/wp\/?page_id=166\",\"url\":\"https:\/\/www.bowlero.lv\/wp\/?page_id=166\",\"name\":\"Jaunumi un aktualit\u0101tes - Bowlero\",\"isPartOf\":{\"@id\":\"https:\/\/www.bowlero.lv\/wp\/#website\"},\"datePublished\":\"2017-06-15T09:33:34+00:00\",\"dateModified\":\"2022-05-03T15:47:20+00:00\",\"breadcrumb\":{\"@id\":\"https:\/\/www.bowlero.lv\/wp\/?page_id=166#breadcrumb\"},\"inLanguage\":\"en-US\",\"potentialAction\":[{\"@type\":\"ReadAction\",\"target\":[\"https:\/\/www.bowlero.lv\/wp\/?page_id=166\"]}]},{\"@type\":\"BreadcrumbList\",\"@id\":\"https:\/\/www.bowlero.lv\/wp\/?page_id=166#breadcrumb\",\"itemListElement\":[{\"@type\":\"ListItem\",\"position\":1,\"name\":\"Home\",\"item\":\"https:\/\/www.bowlero.lv\/\"},{\"@type\":\"ListItem\",\"position\":2,\"name\":\"Jaunumi un aktualit\u0101tes\"}]},{\"@type\":\"WebSite\",\"@id\":\"https:\/\/www.bowlero.lv\/wp\/#website\",\"url\":\"https:\/\/www.bowlero.lv\/wp\/\",\"name\":\"Bowlero\",\"description\":\"Atp\u016btas un izklaides centrs\",\"publisher\":{\"@id\":\"https:\/\/www.bowlero.lv\/wp\/#organization\"},\"alternateName\":\"Bowlero\",\"potentialAction\":[{\"@type\":\"SearchAction\",\"target\":{\"@type\":\"EntryPoint\",\"urlTemplate\":\"https:\/\/www.bowlero.lv\/wp\/?s={search_term_string}\"},\"query-input\":\"required name=search_term_string\"}],\"inLanguage\":\"en-US\"},{\"@type\":\"Organization\",\"@id\":\"https:\/\/www.bowlero.lv\/wp\/#organization\",\"name\":\"Bowlero\",\"url\":\"https:\/\/www.bowlero.lv\/wp\/\",\"logo\":{\"@type\":\"ImageObject\",\"inLanguage\":\"en-US\",\"@id\":\"https:\/\/www.bowlero.lv\/wp\/#\/schema\/logo\/image\/\",\"url\":\"https:\/\/www.bowlero.lv\/wp\/wp-content\/uploads\/2021\/10\/Bowlero-Logo-new1.jpg\",\"contentUrl\":\"https:\/\/www.bowlero.lv\/wp\/wp-content\/uploads\/2021\/10\/Bowlero-Logo-new1.jpg\",\"width\":886,\"height\":518,\"caption\":\"Bowlero\"},\"image\":{\"@id\":\"https:\/\/www.bowlero.lv\/wp\/#\/schema\/logo\/image\/\"}}]}<\/script>\n<!-- \/ Yoast SEO plugin. -->","yoast_head_json":{"title":"Jaunumi un aktualit\u0101tes - Bowlero","robots":{"index":"index","follow":"follow","max-snippet":"max-snippet:-1","max-image-preview":"max-image-preview:large","max-video-preview":"max-video-preview:-1"},"canonical":"https:\/\/www.bowlero.lv\/wp\/?page_id=166","og_locale":"en_US","og_type":"article","og_title":"Jaunumi un aktualit\u0101tes - Bowlero","og_description":"Jaunumi un aktualit\u0101tes &nbsp; &nbsp; Uz doto br\u012bdi sada\u013ca atrodas izstr\u0101des stadij\u0101!","og_url":"https:\/\/www.bowlero.lv\/wp\/?page_id=166","og_site_name":"Bowlero","article_modified_time":"2022-05-03T15:47:20+00:00","og_image":[{"width":178,"height":106,"url":"https:\/\/www.bowlero.lv\/wp\/wp-content\/uploads\/2021\/10\/Bowlero-centrs-logo-ar-papildrindam-small-1.jpg","type":"image\/jpeg"}],"twitter_card":"summary_large_image","schema":{"@context":"https:\/\/schema.org","@graph":[{"@type":"WebPage","@id":"https:\/\/www.bowlero.lv\/wp\/?page_id=166","url":"https:\/\/www.bowlero.lv\/wp\/?page_id=166","name":"Jaunumi un aktualit\u0101tes - Bowlero","isPartOf":{"@id":"https:\/\/www.bowlero.lv\/wp\/#website"},"datePublished":"2017-06-15T09:33:34+00:00","dateModified":"2022-05-03T15:47:20+00:00","breadcrumb":{"@id":"https:\/\/www.bowlero.lv\/wp\/?page_id=166#breadcrumb"},"inLanguage":"en-US","potentialAction":[{"@type":"ReadAction","target":["https:\/\/www.bowlero.lv\/wp\/?page_id=166"]}]},{"@type":"BreadcrumbList","@id":"https:\/\/www.bowlero.lv\/wp\/?page_id=166#breadcrumb","itemListElement":[{"@type":"ListItem","position":1,"name":"Home","item":"https:\/\/www.bowlero.lv\/"},{"@type":"ListItem","position":2,"name":"Jaunumi un aktualit\u0101tes"}]},{"@type":"WebSite","@id":"https:\/\/www.bowlero.lv\/wp\/#website","url":"https:\/\/www.bowlero.lv\/wp\/","name":"Bowlero","description":"Atp\u016btas un izklaides centrs","publisher":{"@id":"https:\/\/www.bowlero.lv\/wp\/#organization"},"alternateName":"Bowlero","potentialAction":[{"@type":"SearchAction","target":{"@type":"EntryPoint","urlTemplate":"https:\/\/www.bowlero.lv\/wp\/?s={search_term_string}"},"query-input":"required name=search_term_string"}],"inLanguage":"en-US"},{"@type":"Organization","@id":"https:\/\/www.bowlero.lv\/wp\/#organization","name":"Bowlero","url":"https:\/\/www.bowlero.lv\/wp\/","logo":{"@type":"ImageObject","inLanguage":"en-US","@id":"https:\/\/www.bowlero.lv\/wp\/#\/schema\/logo\/image\/","url":"https:\/\/www.bowlero.lv\/wp\/wp-content\/uploads\/2021\/10\/Bowlero-Logo-new1.jpg","contentUrl":"https:\/\/www.bowlero.lv\/wp\/wp-content\/uploads\/2021\/10\/Bowlero-Logo-new1.jpg","width":886,"height":518,"caption":"Bowlero"},"image":{"@id":"https:\/\/www.bowlero.lv\/wp\/#\/schema\/logo\/image\/"}}]}},"_links":{"self":[{"href":"https:\/\/www.bowlero.lv\/wp\/index.php?rest_route=\/wp\/v2\/pages\/166"}],"collection":[{"href":"https:\/\/www.bowlero.lv\/wp\/index.php?rest_route=\/wp\/v2\/pages"}],"about":[{"href":"https:\/\/www.bowlero.lv\/wp\/index.php?rest_route=\/wp\/v2\/types\/page"}],"author":[{"embeddable":true,"href":"https:\/\/www.bowlero.lv\/wp\/index.php?rest_route=\/wp\/v2\/users\/1"}],"replies":[{"embeddable":true,"href":"https:\/\/www.bowlero.lv\/wp\/index.php?rest_route=%2Fwp%2Fv2%2Fcomments&post=166"}],"version-history":[{"count":195,"href":"https:\/\/www.bowlero.lv\/wp\/index.php?rest_route=\/wp\/v2\/pages\/166\/revisions"}],"predecessor-version":[{"id":5564,"href":"https:\/\/www.bowlero.lv\/wp\/index.php?rest_route=\/wp\/v2\/pages\/166\/revisions\/5564"}],"wp:attachment":[{"href":"https:\/\/www.bowlero.lv\/wp\/index.php?rest_route=%2Fwp%2Fv2%2Fmedia&parent=166"}],"curies":[{"name":"wp","href":"https:\/\/api.w.org\/{rel}","templated":true}]}}